{"id":740,"date":"2021-02-13T19:32:11","date_gmt":"2021-02-13T18:32:11","guid":{"rendered":"https:\/\/zol.no\/?page_id=740"},"modified":"2023-08-07T21:11:05","modified_gmt":"2023-08-07T20:11:05","slug":"frakt-og-levering","status":"publish","type":"page","link":"https:\/\/zol.no\/?page_id=740","title":{"rendered":"Frakt og levering"},"content":{"rendered":"\n<p>Vi har et fast fraktgebyr p\u00e5 89 kr. Det kan i kampanjeperioder forekomme perioder der vi tilbyr gratis frakt.<\/p>\n\n\n\n<p>V\u00e5r forretningsmodell er at varene blir sendt direkte til deg i fra v\u00e5re leverand\u00f8rer.  Normal leveringstid skal v\u00e6re to til tre uker.  De fleste sm\u00e5 pakker blir levert i din postkasse  og st\u00f8rre pakker m\u00e5 hentes p\u00e5 ditt lokale postkontor\/Post i  butikk.<\/p>\n\n\n\n<p>Det skal i utgangspunktet ikke v\u00e6re toll p\u00e5 varene vi har i nettbutikken og dere betaler MVA ved bestilling. Skulle Posten kreve dere for dobbel MVA, ta kontakt med oss s\u00e5 refunderer vi dette.<\/p>\n\n\n\n<p><\/p>\n","protected":false},"excerpt":{"rendered":"<p>Vi har et fast fraktgebyr p\u00e5 89 kr. Det kan i kampanjeperioder forekomme perioder der vi tilbyr gratis frakt. V\u00e5r forretningsmodell er at varene blir sendt direkte til deg i fra v\u00e5re leverand\u00f8rer. Normal leveringstid skal v\u00e6re to til tre uker. De fleste sm\u00e5 pakker blir levert i din postkasse og st\u00f8rre pakker m\u00e5 hentes [&hellip;]<\/p>\n","protected":false},"author":1,"featured_media":0,"parent":26,"menu_order":0,"comment_status":"closed","ping_status":"closed","template":"","meta":{"footnotes":""},"class_list":["post-740","page","type-page","status-publish","hentry"],"jetpack_sharing_enabled":true,"_links":{"self":[{"href":"https:\/\/zol.no\/index.php?rest_route=\/wp\/v2\/pages\/740","targetHints":{"allow":["GET"]}}],"collection":[{"href":"https:\/\/zol.no\/index.php?rest_route=\/wp\/v2\/pages"}],"about":[{"href":"https:\/\/zol.no\/index.php?rest_route=\/wp\/v2\/types\/page"}],"author":[{"embeddable":true,"href":"https:\/\/zol.no\/index.php?rest_route=\/wp\/v2\/users\/1"}],"replies":[{"embeddable":true,"href":"https:\/\/zol.no\/index.php?rest_route=%2Fwp%2Fv2%2Fcomments&post=740"}],"version-history":[{"count":2,"href":"https:\/\/zol.no\/index.php?rest_route=\/wp\/v2\/pages\/740\/revisions"}],"predecessor-version":[{"id":1506,"href":"https:\/\/zol.no\/index.php?rest_route=\/wp\/v2\/pages\/740\/revisions\/1506"}],"up":[{"embeddable":true,"href":"https:\/\/zol.no\/index.php?rest_route=\/wp\/v2\/pages\/26"}],"wp:attachment":[{"href":"https:\/\/zol.no\/index.php?rest_route=%2Fwp%2Fv2%2Fmedia&parent=740"}],"curies":[{"name":"wp","href":"https:\/\/api.w.org\/{rel}","templated":true}]}}