{"id":1355,"date":"2023-07-19T19:57:29","date_gmt":"2023-07-19T18:57:29","guid":{"rendered":"https:\/\/zol.no\/produkt\/bilseterygg-anti-kick-pad-skinn-ripematte-for-ford-mustang\/"},"modified":"2023-07-19T20:01:42","modified_gmt":"2023-07-19T19:01:42","slug":"bilseterygg-anti-kick-pad-skinn-ripematte-for-ford-mustang","status":"publish","type":"product","link":"https:\/\/zol.no\/?product=bilseterygg-anti-kick-pad-skinn-ripematte-for-ford-mustang","title":{"rendered":"Bilseterygg Anti Kick Pad Skinn Ripematte For Ford Mustang"},"content":{"rendered":"<div class=\"product-specs-list-container\">\n<p>Materiale: PU<\/p>\n<\/div>\n<p>Farge svart<br \/>\nSt\u00f8rrelse1:\u00a045&#215;36 cm<br \/>\nSt\u00f8rrelse 2:\u00a043 x 82 cm<\/p>\n<p>100% splitter ny og h\u00f8y kvalitet.<br \/>\nMateriale: Skinn<br \/>\nFarge svart<br \/>\nSt\u00f8rrelse: 44&#215;36 cm, 43x82cm<br \/>\nPakken inkluderer: 1 stk Bilseterygg Anti Kick Mat<\/p>\n<p>Trekk:<br \/>\n1. Gjelder et stort antall bilmodeller<br \/>\n2. Vil ikke flekke, skrape opp bilsetene dine<br \/>\n3. Enkel \u00e5 rengj\u00f8re, bare t\u00f8rk av med en mikrofiberklut eller v\u00e5tserviett.<br \/>\n4. Oppbevaringsdesign, vakkert og praktisk<br \/>\n5. Krympespenne for rask montering, festeklipsen p\u00e5virker ikke kj\u00f8ret\u00f8yet.<\/p>\n<p>Merk:<br \/>\nDet anbefales \u00e5 kj\u00f8pe to, fordi antisparkmatten til biler normalt trenger et par, for \u00e5 unng\u00e5 mindre fargeforskjeller for\u00e5rsaket av neste kj\u00f8p.<\/p>\n<p style=\"margin: 0; width: 100%;\"><img decoding=\"async\" src=\"https:\/\/zol.no\/wp-content\/uploads\/2023\/07\/S8f9e7325c798405d9fd43e3055f3121bI.jpg?width=800&amp;height=800&amp;hash=1600\" \/><img decoding=\"async\" src=\"https:\/\/zol.no\/wp-content\/uploads\/2023\/07\/Sd881849d397a4b6cb00dc3f53de888801.jpg?width=800&amp;height=800&amp;hash=1600\" \/><img decoding=\"async\" src=\"https:\/\/zol.no\/wp-content\/uploads\/2023\/07\/S7270473b77864608865dbd8b5338ea9eV.jpg?width=800&amp;height=800&amp;hash=1600\" \/><img decoding=\"async\" src=\"https:\/\/zol.no\/wp-content\/uploads\/2023\/07\/Saf35d94693f145dc9244c4d6410d7f69D.jpg?width=800&amp;height=800&amp;hash=1600\" \/><img decoding=\"async\" src=\"https:\/\/zol.no\/wp-content\/uploads\/2023\/07\/Sa123f877756e46f18b14f9d6159cecedV.jpg?width=800&amp;height=800&amp;hash=1600\" \/><img decoding=\"async\" src=\"https:\/\/zol.no\/wp-content\/uploads\/2023\/07\/S3c2fcd2ea791411f98459fc57a708c7eq.jpg?width=800&amp;height=800&amp;hash=1600\" \/><\/p>\n","protected":false},"excerpt":{"rendered":"<p>Materiale: PU Farge svart St\u00f8rrelse1:\u00a045&#215;36 cm St\u00f8rrelse 2:\u00a043 x 82 cm 100% splitter ny og h\u00f8y kvalitet. Materiale: Skinn Farge svart St\u00f8rrelse: 44&#215;36 cm, 43x82cm Pakken inkluderer: 1 stk Bilseterygg Anti Kick Mat Trekk: 1. Gjelder et stort antall bilmodeller 2. Vil ikke flekke, skrape opp bilsetene dine 3. Enkel \u00e5 rengj\u00f8re, bare t\u00f8rk av [&hellip;]<\/p>\n","protected":false},"featured_media":1356,"comment_status":"open","ping_status":"closed","template":"","meta":[],"product_brand":[],"product_cat":[232],"product_tag":[230],"class_list":{"0":"post-1355","1":"product","2":"type-product","3":"status-publish","4":"has-post-thumbnail","6":"product_cat-mustang-mach-e","7":"product_tag-mustang","9":"first","10":"instock","11":"taxable","12":"shipping-taxable","13":"purchasable","14":"product-type-variable"},"jetpack_sharing_enabled":true,"_links":{"self":[{"href":"https:\/\/zol.no\/index.php?rest_route=\/wp\/v2\/product\/1355","targetHints":{"allow":["GET"]}}],"collection":[{"href":"https:\/\/zol.no\/index.php?rest_route=\/wp\/v2\/product"}],"about":[{"href":"https:\/\/zol.no\/index.php?rest_route=\/wp\/v2\/types\/product"}],"replies":[{"embeddable":true,"href":"https:\/\/zol.no\/index.php?rest_route=%2Fwp%2Fv2%2Fcomments&post=1355"}],"wp:featuredmedia":[{"embeddable":true,"href":"https:\/\/zol.no\/index.php?rest_route=\/wp\/v2\/media\/1356"}],"wp:attachment":[{"href":"https:\/\/zol.no\/index.php?rest_route=%2Fwp%2Fv2%2Fmedia&parent=1355"}],"wp:term":[{"taxonomy":"product_brand","embeddable":true,"href":"https:\/\/zol.no\/index.php?rest_route=%2Fwp%2Fv2%2Fproduct_brand&post=1355"},{"taxonomy":"product_cat","embeddable":true,"href":"https:\/\/zol.no\/index.php?rest_route=%2Fwp%2Fv2%2Fproduct_cat&post=1355"},{"taxonomy":"product_tag","embeddable":true,"href":"https:\/\/zol.no\/index.php?rest_route=%2Fwp%2Fv2%2Fproduct_tag&post=1355"}],"curies":[{"name":"wp","href":"https:\/\/api.w.org\/{rel}","templated":true}]}}