{"id":1426,"date":"2023-07-19T20:52:19","date_gmt":"2023-07-19T19:52:19","guid":{"rendered":"https:\/\/zol.no\/produkt\/bafire-3d-gulvmatter-mustang-mach-e\/"},"modified":"2025-03-31T21:29:59","modified_gmt":"2025-03-31T20:29:59","slug":"bafire-3d-gulvmatter-mustang-mach-e","status":"publish","type":"product","link":"https:\/\/zol.no\/?product=bafire-3d-gulvmatter-mustang-mach-e","title":{"rendered":"BAFIRE 3D Gulvmatter Mustang Mach-E"},"content":{"rendered":"<p>\u00a0<\/p>\n<div class=\"product-specs-list-container\">\n<ul class=\"product-specs-list util-clearfix\">\n<li class=\"product-prop line-limit-length\">\n<p>Type gulvmatter:\u00a0Luksus-surround<br \/>Fyllmateriale:\u00a0naturfiber<br \/>Spesielle funksjoner:\u00a0Vanntett<br \/>Materialtype: Syntetisk fiber<br \/>Opprinnelse: Fastlands-Kina<br \/>Varetype:\u00a0Matter og tepper<\/p>\n<p>\u00a0<\/p>\n<p>BAFIRE 3D TPE gulvmatter for Ford Mustang Mach-E 2021 2022 tilpasset bagasjerom ryggmatte Lasteinnlegg Vanntette allv\u00e6rstepper<\/p>\n<p>\u3010Designet for Mustang Mach-E\u3011 Egendefinert passer perfekt for Ford Mustang Mach-E 2022 2021. I henhold til bilens bagasjeromsst\u00f8rrelse, trenger du ikke \u00e5 m\u00e5le st\u00f8rrelsen p\u00e5 bagasjerommet og kutte av ekstra linjer, den passer perfekt st\u00f8rrelsen p\u00e5 bagasjerommet ditt .<br \/>\u3010Milj\u00f8vennlig og ikke-giftig\u3011 Alle v\u00e5re lasteforinger er laget av h\u00f8ykvalitets TPE-materiale, giftfri og luktfri. Selv i h\u00f8y varme med d\u00f8rene lukket er det ingen lukt. La deg og familien din holde seg friske inne i bilen.<br \/>\u3010Slitesterk og allv\u00e6rsbeskyttelse\u3011 Den er designet som en lastematte for all-v\u00e6r. TPE-materialer med h\u00f8y tetthet sikrer h\u00f8y fleksibilitet for \u00e5 gj\u00f8re at koffertmatten ikke er lett \u00e5 bryte, slitesterk, ripebestandig og holdbar. Hevede sider gir ekstra beskyttelse, har gitterm\u00f8nster for en sklisikker overflate omgitt av en h\u00f8y rygg og kanter. Den anti-skli teksturen bidrar ogs\u00e5 til \u00e5 forhindre at last beveger seg n\u00e5r du kj\u00f8rer, beskytter bilens bagasjerom.<br \/>\u3010Enkel \u00e5 rengj\u00f8re\u3011 Teksturert sklibestandig overflate p\u00e5 bagasjerommet er lett \u00e5 rengj\u00f8re. Uansett med st\u00f8v, smuss eller sand p\u00e5 mattene, bruk bare noen minutter og vask av med s\u00e5pe og vann eller et fuktig h\u00e5ndkle.<br \/>\u3010Enkel \u00e5 installere\u3011 Modelldesign med h\u00f8y presisjon, passer n\u00f8yaktig til kantene, bare ta den ut av pakken og legg den bak i bilens bagasjerom &#8211; Ferdig.<\/p>\n<\/li>\n<\/ul>\n<\/div>\n<div class=\"detailmodule_html\">\n<div class=\"detail-desc-decorate-richtext\">\n<div class=\"detailmodule_image\"><img decoding=\"async\" class=\"detail-desc-decorate-image\" style=\"margin-bottom: 10px;\" src=\"https:\/\/zol.no\/wp-content\/uploads\/2023\/07\/S985d024095da494f922006328006a4462.jpg\" \/><img decoding=\"async\" class=\"detail-desc-decorate-image\" style=\"margin-bottom: 10px;\" src=\"https:\/\/zol.no\/wp-content\/uploads\/2023\/07\/S72845499cb374769b0e4fd09644ae208o.jpg\" \/><img decoding=\"async\" class=\"detail-desc-decorate-image\" style=\"margin-bottom: 10px;\" src=\"https:\/\/zol.no\/wp-content\/uploads\/2023\/07\/S6660a1a2d09b402bb823e7cf518471dac.jpg\" \/><img decoding=\"async\" class=\"detail-desc-decorate-image\" style=\"margin-bottom: 10px;\" src=\"https:\/\/zol.no\/wp-content\/uploads\/2023\/07\/Sd4cb2567f1ef4b76b352043dabb0110bV.jpg\" \/><img decoding=\"async\" class=\"detail-desc-decorate-image\" style=\"margin-bottom: 10px;\" src=\"https:\/\/zol.no\/wp-content\/uploads\/2023\/07\/Se300f2fa346942f48b9dd62f9bff1b71k.jpg\" \/><img decoding=\"async\" class=\"detail-desc-decorate-image\" style=\"margin-bottom: 10px;\" src=\"https:\/\/zol.no\/wp-content\/uploads\/2023\/07\/S6da3071a95ee451598d647f39effd3e2C.jpg\" \/><img decoding=\"async\" class=\"detail-desc-decorate-image\" style=\"margin-bottom: 10px;\" src=\"https:\/\/zol.no\/wp-content\/uploads\/2023\/07\/S30797ee6d76844f29dbcfdd0652b1d00w.jpg\" \/><img decoding=\"async\" class=\"detail-desc-decorate-image\" style=\"margin-bottom: 10px;\" src=\"https:\/\/zol.no\/wp-content\/uploads\/2023\/07\/S88063085b2a84c5ea10923020d36cfcbm.jpg\" \/><img decoding=\"async\" class=\"detail-desc-decorate-image\" style=\"margin-bottom: 10px;\" src=\"https:\/\/zol.no\/wp-content\/uploads\/2023\/07\/Sc8dbf09128224a24bbe1cb56b3a99c28T.jpg\" \/><img decoding=\"async\" class=\"detail-desc-decorate-image\" style=\"margin-bottom: 10px;\" src=\"https:\/\/zol.no\/wp-content\/uploads\/2023\/07\/S4b4da6e22e23426383c5eec712f922f3A.jpg\" \/><\/div>\n<p>\u00a0<\/p>\n<\/div>\n<\/div>\n<p>\u00a0<\/p>\n","protected":false},"excerpt":{"rendered":"<p>\u00a0 Type gulvmatter:\u00a0Luksus-surroundFyllmateriale:\u00a0naturfiberSpesielle funksjoner:\u00a0VanntettMaterialtype: Syntetisk fiberOpprinnelse: Fastlands-KinaVaretype:\u00a0Matter og tepper \u00a0 BAFIRE 3D TPE gulvmatter for Ford Mustang Mach-E 2021 2022 tilpasset bagasjerom ryggmatte Lasteinnlegg Vanntette allv\u00e6rstepper \u3010Designet for Mustang Mach-E\u3011 Egendefinert passer perfekt for Ford Mustang Mach-E 2022 2021. I henhold til bilens bagasjeromsst\u00f8rrelse, trenger du ikke \u00e5 m\u00e5le st\u00f8rrelsen p\u00e5 bagasjerommet og kutte av [&hellip;]<\/p>\n","protected":false},"featured_media":1427,"comment_status":"open","ping_status":"closed","template":"","meta":[],"product_brand":[],"product_cat":[232],"product_tag":[247,229],"class_list":{"0":"post-1426","1":"product","2":"type-product","3":"status-publish","4":"has-post-thumbnail","6":"product_cat-mustang-mach-e","7":"product_tag-gulvmatter","8":"product_tag-mach-e","9":"product_shipping_class-medium","11":"first","12":"instock","13":"taxable","14":"shipping-taxable","15":"purchasable","16":"product-type-variable"},"jetpack_sharing_enabled":true,"_links":{"self":[{"href":"https:\/\/zol.no\/index.php?rest_route=\/wp\/v2\/product\/1426","targetHints":{"allow":["GET"]}}],"collection":[{"href":"https:\/\/zol.no\/index.php?rest_route=\/wp\/v2\/product"}],"about":[{"href":"https:\/\/zol.no\/index.php?rest_route=\/wp\/v2\/types\/product"}],"replies":[{"embeddable":true,"href":"https:\/\/zol.no\/index.php?rest_route=%2Fwp%2Fv2%2Fcomments&post=1426"}],"wp:featuredmedia":[{"embeddable":true,"href":"https:\/\/zol.no\/index.php?rest_route=\/wp\/v2\/media\/1427"}],"wp:attachment":[{"href":"https:\/\/zol.no\/index.php?rest_route=%2Fwp%2Fv2%2Fmedia&parent=1426"}],"wp:term":[{"taxonomy":"product_brand","embeddable":true,"href":"https:\/\/zol.no\/index.php?rest_route=%2Fwp%2Fv2%2Fproduct_brand&post=1426"},{"taxonomy":"product_cat","embeddable":true,"href":"https:\/\/zol.no\/index.php?rest_route=%2Fwp%2Fv2%2Fproduct_cat&post=1426"},{"taxonomy":"product_tag","embeddable":true,"href":"https:\/\/zol.no\/index.php?rest_route=%2Fwp%2Fv2%2Fproduct_tag&post=1426"}],"curies":[{"name":"wp","href":"https:\/\/api.w.org\/{rel}","templated":true}]}}