{"id":1540,"date":"2023-11-02T10:17:14","date_gmt":"2023-11-02T09:17:14","guid":{"rendered":"https:\/\/zol.no\/?post_type=product&#038;p=1540"},"modified":"2026-05-10T12:45:41","modified_gmt":"2026-05-10T11:45:41","slug":"taktikktavle-for-fotball","status":"publish","type":"product","link":"https:\/\/zol.no\/?product=taktikktavle-for-fotball","title":{"rendered":"Taktikktavle for Fotball"},"content":{"rendered":"<p>Sammenleggbar Fotballtaktikkmappe med Magnetisk Tavle &#8211;<\/p>\n<p>Egenskaper:<\/p>\n<ol>\n<li>Form\u00e5l: Taktisk disposisjon \/ trening og veiledning \/ teknisk utveksling.<\/li>\n<li>Foretrukket PU-materiale: Yttersiden er laget av slitesterkt PU-materiale, vanntett, muggsoppavvisende, m\u00f8llsikker, sklisikker og svetteabsorberende.<\/li>\n<li>Vendbar design p\u00e5 venstre og h\u00f8yre side: Den ene siden dekker hele banen, mens den andre siden dekker halve banen. Den kan konverteres og brukes n\u00e5r som helst i tr\u00e5d med feltendringer, slik at taktikk kan ordnes raskt.<\/li>\n<li>Praktisk spenne: Spennen passer til whiteboard-pennen, noe som gj\u00f8r oppbevaring enkelt og forhindrer at den faller av.<\/li>\n<li>magnetene har kraftig magnetisk kraft og faller ikke ned vertikalt.<\/li>\n<\/ol>\n<p>Spesifikasjoner: Vekt: 515g St\u00f8rrelse: 54cm x 32cm Materiale: PVC Pakken inkluderer: 1 sett Magnetisk Taktikktavle<\/p>\n<p>&nbsp;<\/p>\n<p><img decoding=\"async\" class=\"img-responsive\" src=\"https:\/\/ae01.alicdn.com\/kf\/S8bf57859442047bb8dbed00faf7af0adV.jpg\" \/><\/p>\n<p><img decoding=\"async\" class=\"img-responsive\" src=\"https:\/\/ae01.alicdn.com\/kf\/S8cf3aa7ff8c4408ab4d2d05164bdde16o.jpg\" \/><\/p>\n<p><img decoding=\"async\" class=\"img-responsive\" src=\"https:\/\/ae01.alicdn.com\/kf\/Sf78302541cb94da18f38e0ad3f1804a3w.jpg\" \/><\/p>\n<p><img decoding=\"async\" class=\"img-responsive\" src=\"https:\/\/ae01.alicdn.com\/kf\/S164b47d5e6d74d99952a0f52c9de24dcq.jpg\" \/><\/p>\n<p><img decoding=\"async\" class=\"img-responsive\" src=\"https:\/\/ae01.alicdn.com\/kf\/S735d298e52e24c59a89f2d254dbb686fR.jpg\" \/><\/p>\n<p><img decoding=\"async\" class=\"img-responsive\" src=\"https:\/\/ae01.alicdn.com\/kf\/Sf9c351ed5f314e4fb6a82d956d1614cdk.jpg\" \/><\/p>\n<p><img decoding=\"async\" class=\"img-responsive\" src=\"https:\/\/ae01.alicdn.com\/kf\/Sc782c1102c2144ddad7c2d4dd5d66eeav.jpg\" \/><\/p>\n","protected":false},"excerpt":{"rendered":"<p>Sammenleggbar Fotballtaktikkmappe med Magnetisk Tavle &#8211; Egenskaper: Form\u00e5l: Taktisk disposisjon \/ trening og veiledning \/ teknisk utveksling. Foretrukket PU-materiale: Yttersiden er laget av slitesterkt PU-materiale, vanntett, muggsoppavvisende, m\u00f8llsikker, sklisikker og svetteabsorberende. Vendbar design p\u00e5 venstre og h\u00f8yre side: Den ene siden dekker hele banen, mens den andre siden dekker halve banen. Den kan konverteres og [&hellip;]<\/p>\n","protected":false},"featured_media":1541,"comment_status":"open","ping_status":"closed","template":"","meta":[],"product_brand":[],"product_cat":[257],"product_tag":[262,264,263,261,265],"class_list":{"0":"post-1540","1":"product","2":"type-product","3":"status-publish","4":"has-post-thumbnail","6":"product_cat-fotball","7":"product_tag-fotball","8":"product_tag-taktikk","9":"product_tag-taktikktavle","10":"product_tag-trener","11":"product_tag-trening","13":"first","14":"instock","15":"taxable","16":"shipping-taxable","17":"purchasable","18":"product-type-simple"},"jetpack_sharing_enabled":true,"_links":{"self":[{"href":"https:\/\/zol.no\/index.php?rest_route=\/wp\/v2\/product\/1540","targetHints":{"allow":["GET"]}}],"collection":[{"href":"https:\/\/zol.no\/index.php?rest_route=\/wp\/v2\/product"}],"about":[{"href":"https:\/\/zol.no\/index.php?rest_route=\/wp\/v2\/types\/product"}],"replies":[{"embeddable":true,"href":"https:\/\/zol.no\/index.php?rest_route=%2Fwp%2Fv2%2Fcomments&post=1540"}],"wp:featuredmedia":[{"embeddable":true,"href":"https:\/\/zol.no\/index.php?rest_route=\/wp\/v2\/media\/1541"}],"wp:attachment":[{"href":"https:\/\/zol.no\/index.php?rest_route=%2Fwp%2Fv2%2Fmedia&parent=1540"}],"wp:term":[{"taxonomy":"product_brand","embeddable":true,"href":"https:\/\/zol.no\/index.php?rest_route=%2Fwp%2Fv2%2Fproduct_brand&post=1540"},{"taxonomy":"product_cat","embeddable":true,"href":"https:\/\/zol.no\/index.php?rest_route=%2Fwp%2Fv2%2Fproduct_cat&post=1540"},{"taxonomy":"product_tag","embeddable":true,"href":"https:\/\/zol.no\/index.php?rest_route=%2Fwp%2Fv2%2Fproduct_tag&post=1540"}],"curies":[{"name":"wp","href":"https:\/\/api.w.org\/{rel}","templated":true}]}}