{"id":1625,"date":"2023-11-02T13:00:39","date_gmt":"2023-11-02T12:00:39","guid":{"rendered":"https:\/\/zol.no\/?post_type=product&#038;p=1625"},"modified":"2026-05-10T13:26:04","modified_gmt":"2026-05-10T12:26:04","slug":"ballbag","status":"publish","type":"product","link":"https:\/\/zol.no\/?product=ballbag","title":{"rendered":"Ballbag"},"content":{"rendered":"<p>Denne sportsbagen med trekkstreng er den ultimate l\u00f8sningen for oppbevaring av sportsballer og utstyr. Den er designet med brukervennlighet i tankene og har en justerbar skulderrem, noe som gj\u00f8r det enklere enn noensinne \u00e5 b\u00e6re den med seg. Den store kapasiteten gj\u00f8r det mulig \u00e5 ta med flere sportsballer som fotballer og basketballer, og s\u00f8rger for at du har alt du trenger for spillet ditt.<\/p>\n<p><strong>Kvalitetsmateriale:<\/strong> Laget av slitesterk mesh-stoff med solid b\u00e6reevne, som sikrer langvarig bruk. Mesh-bagen er den ultimative l\u00f8sningen for alle dine behov for oppbevaring av sportsballer.<\/p>\n<p><strong>Design med glidel\u00e5slomme:<\/strong> Bagen har en glidel\u00e5slomme, som gj\u00f8r det mulig \u00e5 oppbevare \u00f8retelefoner, kabler, n\u00f8kler, h\u00e5ndkl\u00e6r, fl\u00f8yter, tidtakere og annet tilbeh\u00f8r.<\/p>\n<p><strong>Skulderrem:<\/strong> I motsetning til lignende produkter, er v\u00e5r trekkstreng-meshbag designet med en justerbar skulderrem for enkel b\u00e6ring og bruk.<\/p>\n<p><strong>Mange bruksomr\u00e5der:<\/strong> Enten du skal til stranden, organisere arrangementer eller bare skal bade, er denne bagen perfekt for \u00e5 transportere alt ditt sportsutstyr.<\/p>\n<p><strong>Beskrivelse:<\/strong><\/p>\n<p>V\u00e5r meshbag med stor kapasitet er den ultimate l\u00f8sningen for alle dine behov for oppbevaring av sportsballer. Designet med praktisk bruk i tankene, er bagen utstyrt med en skulderrem som gj\u00f8r det enkelt \u00e5 b\u00e6re den med seg. Den store kapasiteten gj\u00f8r det mulig \u00e5 oppbevare flere sportsballer, som fotballer og basketballer, slik at du har alt du trenger for spillet ditt. Laget av h\u00f8ykvalitets mesh-stoff, er denne bagen ikke bare sterk og holdbar, men gir ogs\u00e5 utmerket ventilasjon for sportsballene dine. Den solide b\u00e6rekapasiteten s\u00f8rger for at du kan b\u00e6re alle ballene dine uten bekymringer. Men det er ikke alt. V\u00e5r ballbag har ogs\u00e5 en glidel\u00e5slomme foran, perfekt for oppbevaring av n\u00f8kler, h\u00e5ndkl\u00e6r, fl\u00f8yter, tidtakere og annet tilbeh\u00f8r. Skaff deg din store kapasitetsballbag i dag og opplev den praktiske og holdbare bruken den tilbyr.<\/p>\n<p><strong>Produktinformasjon:<\/strong><\/p>\n<ul>\n<li>\n<strong>Produktnavn:<\/strong> Sports Ball Bag (Sportsbag for baller)<\/li>\n<li>\n<strong>Materiale:<\/strong> Mesh-stoff<\/li>\n<li>\n<strong>Funksjoner:<\/strong> Stor kapasitet, Solid b\u00e6reevne, Langvarig<\/li>\n<li>\n<strong>St\u00f8rrelsesdetaljer:<\/strong><\/p>\n<ul>\n<li>\n<strong>S, L:<\/strong> 61 cm x 91 cm (ca.)<\/li>\n<li>\n<strong>L, L:<\/strong> 75 cm x 101 cm (ca.)<\/li>\n<\/ul>\n<\/li>\n<\/ul>\n<p><strong>Pakken inneholder:<\/strong><\/p>\n<p>1 x Sports Ball Bag (Sportsbag for baller)<\/p>\n<p><img decoding=\"async\" class=\"img-responsive\" src=\"https:\/\/ae03.alicdn.com\/kf\/Sfa1acf9d0aa0429f958974a3c2a270e2U.jpg\"><\/p>\n<p><img decoding=\"async\" class=\"img-responsive\" src=\"https:\/\/ae03.alicdn.com\/kf\/S4d0e23b495e24bcebea1b112f9209309D.jpg\"><\/p>\n<p><img decoding=\"async\" class=\"img-responsive\" src=\"https:\/\/ae03.alicdn.com\/kf\/S60c2b15acb1146b391fe826d8e00e7bc0.jpg\"><\/p>\n<p><img decoding=\"async\" class=\"img-responsive\" src=\"https:\/\/ae03.alicdn.com\/kf\/S713817eba57549e49cbf8b93421d6169l.jpg\"><\/p>\n<p><img decoding=\"async\" class=\"img-responsive\" src=\"https:\/\/ae03.alicdn.com\/kf\/S7fa5b34c86f3435daa4040a7e1f184faS.jpg\"><\/p>\n<p><img decoding=\"async\" class=\"img-responsive\" src=\"https:\/\/ae03.alicdn.com\/kf\/S37afdf0f9ae14fb3b161a50ef0903d72V.jpg\"><\/p>\n<p><img decoding=\"async\" class=\"img-responsive\" src=\"https:\/\/ae03.alicdn.com\/kf\/S95194b766af442e1a77d8aa69ac7dc2bI.jpg\"><\/p>\n<p><img decoding=\"async\" class=\"img-responsive\" src=\"https:\/\/ae03.alicdn.com\/kf\/Sc41a244ce00640ccb586a564d01ec02cZ.jpg\"><\/p>\n<p><img decoding=\"async\" class=\"img-responsive\" src=\"https:\/\/ae03.alicdn.com\/kf\/S3f85658a9b1748ffa588d5291d7a6362y.jpg\"><\/p>\n<p><img decoding=\"async\" class=\"img-responsive\" src=\"https:\/\/ae03.alicdn.com\/kf\/S002faefa2bb8406982d98d1d83e98ca5k.jpg\"><\/p>\n<p><img decoding=\"async\" class=\"img-responsive\" src=\"https:\/\/ae03.alicdn.com\/kf\/S95840bd1f5cb4abc9c0fbe0ff4a90b91d.jpg\"><\/p>\n<p><img decoding=\"async\" class=\"img-responsive\" src=\"https:\/\/ae03.alicdn.com\/kf\/Sef41c046fdc744f1b27a75319b023325r.jpg\"><\/p>\n<p><img decoding=\"async\" class=\"img-responsive\" src=\"https:\/\/ae03.alicdn.com\/kf\/Sacbbd3576ac844b29237a9e1f3fd1471D.jpg\"><\/p>\n<p><img decoding=\"async\" class=\"img-responsive\" src=\"https:\/\/ae03.alicdn.com\/kf\/S948d0098cb1a4b748185c5b95a86ac7aK.jpg\"><\/p>\n<p><img decoding=\"async\" class=\"img-responsive\" src=\"https:\/\/ae03.alicdn.com\/kf\/S7b6221b4283c4cdd9745a0402374354b5.jpg\"><\/p>\n<p><img decoding=\"async\" class=\"img-responsive\" src=\"https:\/\/ae03.alicdn.com\/kf\/Sad3bb42a190e49db9a82a51bb558e492U.jpg\"><\/p>\n<p><img decoding=\"async\" class=\"img-responsive\" src=\"https:\/\/ae03.alicdn.com\/kf\/Scd30328fa5d44903b68d282a2ec61b22l.jpg\"><\/p>\n<p><img decoding=\"async\" class=\"img-responsive\" src=\"https:\/\/ae03.alicdn.com\/kf\/S018befb202e147e2a1a3565d6b699859Z.jpg\"><\/p>\n<p><img decoding=\"async\" class=\"img-responsive\" src=\"https:\/\/ae03.alicdn.com\/kf\/S98587f6a3597441a9d6b92084353817dh.jpg\"><\/p>\n<p><img decoding=\"async\" class=\"img-responsive\" src=\"https:\/\/ae03.alicdn.com\/kf\/S38dc9b82d3a74f3ab064cd83cfb85418j.jpg\"><\/p>\n<p><img decoding=\"async\" class=\"img-responsive\" src=\"https:\/\/ae03.alicdn.com\/kf\/Sdc6efa55cf3048bab4b1f8c78c5a1c358.jpg\"><\/p>\n<p><img decoding=\"async\" class=\"img-responsive\" src=\"https:\/\/ae03.alicdn.com\/kf\/Sea5227c47db440b4980356c2c5bdcd60h.jpg\"><\/p>\n<p><img decoding=\"async\" class=\"img-responsive\" src=\"https:\/\/ae03.alicdn.com\/kf\/Scbd556313c514c1f97cd01999ae5a7fdj.jpg\"><\/p>\n","protected":false},"excerpt":{"rendered":"<p>Denne sportsbagen med trekkstreng er den ultimate l\u00f8sningen for oppbevaring av sportsballer og utstyr. Den er designet med brukervennlighet i tankene og har en justerbar skulderrem, noe som gj\u00f8r det enklere enn noensinne \u00e5 b\u00e6re den med seg. Den store kapasiteten gj\u00f8r det mulig \u00e5 ta med flere sportsballer som fotballer og basketballer, og s\u00f8rger [&hellip;]<\/p>\n","protected":false},"featured_media":1626,"comment_status":"open","ping_status":"closed","template":"","meta":[],"product_brand":[],"product_cat":[257],"product_tag":[180,262,253],"class_list":{"0":"post-1625","1":"product","2":"type-product","3":"status-publish","4":"has-post-thumbnail","6":"product_cat-fotball","7":"product_tag-bag","8":"product_tag-fotball","9":"product_tag-oppbevaring","11":"first","12":"instock","13":"taxable","14":"shipping-taxable","15":"purchasable","16":"product-type-variable"},"jetpack_sharing_enabled":true,"_links":{"self":[{"href":"https:\/\/zol.no\/index.php?rest_route=\/wp\/v2\/product\/1625","targetHints":{"allow":["GET"]}}],"collection":[{"href":"https:\/\/zol.no\/index.php?rest_route=\/wp\/v2\/product"}],"about":[{"href":"https:\/\/zol.no\/index.php?rest_route=\/wp\/v2\/types\/product"}],"replies":[{"embeddable":true,"href":"https:\/\/zol.no\/index.php?rest_route=%2Fwp%2Fv2%2Fcomments&post=1625"}],"wp:featuredmedia":[{"embeddable":true,"href":"https:\/\/zol.no\/index.php?rest_route=\/wp\/v2\/media\/1626"}],"wp:attachment":[{"href":"https:\/\/zol.no\/index.php?rest_route=%2Fwp%2Fv2%2Fmedia&parent=1625"}],"wp:term":[{"taxonomy":"product_brand","embeddable":true,"href":"https:\/\/zol.no\/index.php?rest_route=%2Fwp%2Fv2%2Fproduct_brand&post=1625"},{"taxonomy":"product_cat","embeddable":true,"href":"https:\/\/zol.no\/index.php?rest_route=%2Fwp%2Fv2%2Fproduct_cat&post=1625"},{"taxonomy":"product_tag","embeddable":true,"href":"https:\/\/zol.no\/index.php?rest_route=%2Fwp%2Fv2%2Fproduct_tag&post=1625"}],"curies":[{"name":"wp","href":"https:\/\/api.w.org\/{rel}","templated":true}]}}