{"id":1635,"date":"2023-11-04T16:26:17","date_gmt":"2023-11-04T15:26:17","guid":{"rendered":"https:\/\/zol.no\/?post_type=product&#038;p=1635"},"modified":"2026-05-10T13:26:05","modified_gmt":"2026-05-10T12:26:05","slug":"ballettkjole-for-barn-en-ballerina-drom-i-dans","status":"publish","type":"product","link":"https:\/\/zol.no\/?product=ballettkjole-for-barn-en-ballerina-drom-i-dans","title":{"rendered":"Ballettkjole for Barn &#8211; En ballerina Dr\u00f8m i Dans"},"content":{"rendered":"<p><strong>Ballettkjole for Barn &#8211; En Dr\u00f8m i Dans<\/strong><\/p>\n<p>V\u00e5r kolleksjon inneholder et bredt utvalg av barnekjoler som er spesielt designet for ballett. Vi har n\u00f8ye utvalgt de fineste materialene for \u00e5 skape plagg av h\u00f8yeste kvalitet som vil inspirere til dans og bevegelse.<\/p>\n<p>Kj\u00f8p denne vakre ballettkjolen i dag og gi ditt barn en mulighet til \u00e5 utforske dansens verden med stil og selvtillit. V\u00e5r kolleksjon er et resultat av \u00e5relang erfaring og dedikasjon til kvalitet. Gj\u00f8r din bestilling n\u00e5 og la dansen begynne!<\/p>\n<p><img decoding=\"async\" class=\"img-responsive\" src=\"https:\/\/ae01.alicdn.com\/kf\/H8571201fe6624ddcae9435df14036ed8w.jpg\" \/><\/p>\n<p><img decoding=\"async\" class=\"img-responsive\" src=\"https:\/\/ae01.alicdn.com\/kf\/H05ddf1f91a6f49bb82923760d69cce40b.jpg\" \/><\/p>\n<p><img decoding=\"async\" class=\"img-responsive\" src=\"https:\/\/ae01.alicdn.com\/kf\/H59f961ff427b47f199435c0d5fb46978v.jpg\" \/><\/p>\n<p><img decoding=\"async\" class=\"img-responsive\" src=\"https:\/\/ae01.alicdn.com\/kf\/Haa9e6455960b4501bf7f8fe6a7f04f98A.jpg\" \/><\/p>\n<p><img decoding=\"async\" class=\"img-responsive\" src=\"https:\/\/ae01.alicdn.com\/kf\/H4e4d8d02c81048b684d7c4193336bbfbu.jpg\" \/><\/p>\n<p><img decoding=\"async\" class=\"img-responsive\" src=\"https:\/\/ae01.alicdn.com\/kf\/HTB1GbIjXUY1gK0jSZFCq6AwqXXaF.jpg\" \/><\/p>\n<p><img decoding=\"async\" class=\"img-responsive\" src=\"https:\/\/ae01.alicdn.com\/kf\/HTB1AUAjXQH0gK0jSZPiq6yvapXaF.jpg\" \/><\/p>\n<p><img decoding=\"async\" class=\"img-responsive\" src=\"https:\/\/ae01.alicdn.com\/kf\/HTB125IiXKT2gK0jSZFvq6xnFXXaC.jpg\" \/><\/p>\n<p><img decoding=\"async\" class=\"img-responsive\" src=\"https:\/\/ae01.alicdn.com\/kf\/HTB1u8ZjXHj1gK0jSZFuq6ArHpXaR.jpg\" \/><\/p>\n<p><img decoding=\"async\" class=\"img-responsive\" src=\"https:\/\/ae01.alicdn.com\/kf\/HTB1.UQjXRv0gK0jSZKbq6zK2FXaA.jpg\" \/><\/p>\n<p><img decoding=\"async\" class=\"img-responsive\" src=\"https:\/\/ae01.alicdn.com\/kf\/HTB1YYckXQL0gK0jSZFxq6xWHVXaP.jpg\" \/><\/p>\n<p><img decoding=\"async\" class=\"img-responsive\" src=\"https:\/\/ae01.alicdn.com\/kf\/H673dbf3d082b4db2a9b5df3639a53428h.jpg\" \/><\/p>\n","protected":false},"excerpt":{"rendered":"<p>Ballettkjole for Barn &#8211; En Dr\u00f8m i Dans V\u00e5r kolleksjon inneholder et bredt utvalg av barnekjoler som er spesielt designet for ballett. Vi har n\u00f8ye utvalgt de fineste materialene for \u00e5 skape plagg av h\u00f8yeste kvalitet som vil inspirere til dans og bevegelse. Kj\u00f8p denne vakre ballettkjolen i dag og gi ditt barn en mulighet [&hellip;]<\/p>\n","protected":false},"featured_media":1636,"comment_status":"open","ping_status":"closed","template":"","meta":[],"product_brand":[],"product_cat":[258],"product_tag":[311,306,309,307,310,308,265],"class_list":{"0":"post-1635","1":"product","2":"type-product","3":"status-publish","4":"has-post-thumbnail","6":"product_cat-turn-og-rg","7":"product_tag-ballerina","8":"product_tag-ballett","9":"product_tag-barn","10":"product_tag-dans","11":"product_tag-jente","12":"product_tag-kjole","13":"product_tag-trening","14":"pa_size-105-to-115cm","15":"pa_size-115-to-125cm","16":"pa_size-125-to-135cm","17":"pa_size-135-to-145cm","18":"pa_size-145-to-155cm","19":"pa_size-155-to-165cm","20":"pa_size-165-170cm","21":"pa_size-95-to-105cm","23":"first","24":"instock","25":"taxable","26":"shipping-taxable","27":"purchasable","28":"product-type-variable"},"jetpack_sharing_enabled":true,"_links":{"self":[{"href":"https:\/\/zol.no\/index.php?rest_route=\/wp\/v2\/product\/1635","targetHints":{"allow":["GET"]}}],"collection":[{"href":"https:\/\/zol.no\/index.php?rest_route=\/wp\/v2\/product"}],"about":[{"href":"https:\/\/zol.no\/index.php?rest_route=\/wp\/v2\/types\/product"}],"replies":[{"embeddable":true,"href":"https:\/\/zol.no\/index.php?rest_route=%2Fwp%2Fv2%2Fcomments&post=1635"}],"wp:featuredmedia":[{"embeddable":true,"href":"https:\/\/zol.no\/index.php?rest_route=\/wp\/v2\/media\/1636"}],"wp:attachment":[{"href":"https:\/\/zol.no\/index.php?rest_route=%2Fwp%2Fv2%2Fmedia&parent=1635"}],"wp:term":[{"taxonomy":"product_brand","embeddable":true,"href":"https:\/\/zol.no\/index.php?rest_route=%2Fwp%2Fv2%2Fproduct_brand&post=1635"},{"taxonomy":"product_cat","embeddable":true,"href":"https:\/\/zol.no\/index.php?rest_route=%2Fwp%2Fv2%2Fproduct_cat&post=1635"},{"taxonomy":"product_tag","embeddable":true,"href":"https:\/\/zol.no\/index.php?rest_route=%2Fwp%2Fv2%2Fproduct_tag&post=1635"}],"curies":[{"name":"wp","href":"https:\/\/api.w.org\/{rel}","templated":true}]}}