{"id":1700,"date":"2023-11-04T19:27:15","date_gmt":"2023-11-04T18:27:15","guid":{"rendered":"https:\/\/zol.no\/?post_type=product&#038;p=1700"},"modified":"2026-05-10T14:29:15","modified_gmt":"2026-05-10T13:29:15","slug":"gult-og-rodt-kort-dommermappe","status":"publish","type":"product","link":"https:\/\/zol.no\/?product=gult-og-rodt-kort-dommermappe","title":{"rendered":"Gult og r\u00f8dt kort &#8211; dommermappe"},"content":{"rendered":"<p><strong>Dommerutstyr for Flere Sportsgrener<\/strong><\/p>\n<p><strong>Spesifikasjoner:<\/strong><\/p>\n<ul>\n<li>\n<strong>Materiale:<\/strong> PVC<\/li>\n<li><strong>Passer for flere sportsgrener<\/strong><\/li>\n<li>\n<strong>Lommebokens spesifikasjoner (ca.):<\/strong> 12 x 8,5 cm<\/li>\n<li>\n<strong>Spesifikasjoner for r\u00f8dt og gult kort (ca.):<\/strong> 11 x 8 cm<\/li>\n<li>\n<strong>Farge:<\/strong> Som vist p\u00e5 bildet<\/li>\n<\/ul>\n<p><strong>Inkludert i pakken:<\/strong><\/p>\n<ul>\n<li>Lommebok*1<\/li>\n<li>Blyant*1<\/li>\n<li>Opptakspapir*4<\/li>\n<li>R\u00f8dt kort*1<\/li>\n<li>Gult kort*1<\/li>\n<\/ul>\n<p>Dette dommerutstyret er det ideelle verkt\u00f8yet for \u00e5 opprettholde orden og rettferdighet i en rekke idrettsgrener. Enten du d\u00f8mmer i tennis, fotball, bordtennis, badminton, basketball eller volleyball, vil dette settet hjelpe deg med \u00e5 holde oversikt og sikre at reglene blir fulgt.<\/p>\n<p>Lommeboken er laget av PVC-materiale og er designet for \u00e5 v\u00e6re slitesterk og praktisk. Den har plass til b\u00e5de r\u00f8de og gule kort, sammen med opptakspapir for notater under kampen. Blyanten er inkludert slik at du enkelt kan notere hendelser og beslutninger.<\/p>\n<p>Dette dommerutstyret leveres i en praktisk OPP-pose.. Gj\u00f8r deg klar til \u00e5 ta p\u00e5 deg dommerrollen med selvtillit og profesjonalitet ved \u00e5 skaffe deg dette settet i dag.<\/p>\n<p>Invester i kvalitet og n\u00f8yaktighet n\u00e5r du d\u00f8mmer idrettsarrangementer. Kj\u00f8p ditt dommerutstyr n\u00e5 og v\u00e6r forberedt p\u00e5 enhver situasjon p\u00e5 banen.<\/p>\n<p><img decoding=\"async\" class=\"img-responsive\" src=\"https:\/\/ae01.alicdn.com\/kf\/S0f27e32864c9401cb312584e8adfda01a.jpg\"><\/p>\n<p><img decoding=\"async\" class=\"img-responsive\" src=\"https:\/\/ae01.alicdn.com\/kf\/S7ecae11a86964d0b8093864803d3fcb2r.jpeg\"><\/p>\n<p><img decoding=\"async\" class=\"img-responsive\" src=\"https:\/\/ae01.alicdn.com\/kf\/S2561268bf3e64bf98c24952de9e0ae2en.jpeg\"><\/p>\n<p><img decoding=\"async\" class=\"img-responsive\" src=\"https:\/\/ae01.alicdn.com\/kf\/S51162bbf4cfe4c92bcaddf60d169a23ck.jpg\"><\/p>\n<p><img decoding=\"async\" class=\"img-responsive\" src=\"https:\/\/ae01.alicdn.com\/kf\/S7359ac3080d447de980ebefbfd5cc2f91.jpeg\"><\/p>\n<p><img decoding=\"async\" class=\"img-responsive\" src=\"https:\/\/ae01.alicdn.com\/kf\/S17a0115976bf425aaca0f1f11f99564aa.jpeg\"><\/p>\n<p><img decoding=\"async\" class=\"img-responsive\" src=\"https:\/\/ae01.alicdn.com\/kf\/S49624fbf58b34ce48c6615ed4b000a2cH.jpg\"><\/p>\n<p><img decoding=\"async\" class=\"img-responsive\" src=\"https:\/\/ae01.alicdn.com\/kf\/S5e8e97b0c8fb4ac5bda91b3b84c7a138t.jpg\"><\/p>\n<p><img decoding=\"async\" class=\"img-responsive\" src=\"https:\/\/ae01.alicdn.com\/kf\/Sfb7c4009fde5439c8af7b7b8acd4818eP.jpg\"><\/p>\n","protected":false},"excerpt":{"rendered":"<p>Dommerutstyr for Flere Sportsgrener Spesifikasjoner: Materiale: PVC Passer for flere sportsgrener Lommebokens spesifikasjoner (ca.): 12 x 8,5 cm Spesifikasjoner for r\u00f8dt og gult kort (ca.): 11 x 8 cm Farge: Som vist p\u00e5 bildet Inkludert i pakken: Lommebok*1 Blyant*1 Opptakspapir*4 R\u00f8dt kort*1 Gult kort*1 Dette dommerutstyret er det ideelle verkt\u00f8yet for \u00e5 opprettholde orden og [&hellip;]<\/p>\n","protected":false},"featured_media":1717,"comment_status":"open","ping_status":"closed","template":"","meta":[],"product_brand":[],"product_cat":[257],"product_tag":[367,262,370,369,368,371],"class_list":{"0":"post-1700","1":"product","2":"type-product","3":"status-publish","4":"has-post-thumbnail","6":"product_cat-fotball","7":"product_tag-dommer","8":"product_tag-fotball","9":"product_tag-godt","10":"product_tag-gult","11":"product_tag-kort","12":"product_tag-mappe","14":"first","15":"instock","16":"taxable","17":"shipping-taxable","18":"purchasable","19":"product-type-simple"},"jetpack_sharing_enabled":true,"_links":{"self":[{"href":"https:\/\/zol.no\/index.php?rest_route=\/wp\/v2\/product\/1700","targetHints":{"allow":["GET"]}}],"collection":[{"href":"https:\/\/zol.no\/index.php?rest_route=\/wp\/v2\/product"}],"about":[{"href":"https:\/\/zol.no\/index.php?rest_route=\/wp\/v2\/types\/product"}],"replies":[{"embeddable":true,"href":"https:\/\/zol.no\/index.php?rest_route=%2Fwp%2Fv2%2Fcomments&post=1700"}],"wp:featuredmedia":[{"embeddable":true,"href":"https:\/\/zol.no\/index.php?rest_route=\/wp\/v2\/media\/1717"}],"wp:attachment":[{"href":"https:\/\/zol.no\/index.php?rest_route=%2Fwp%2Fv2%2Fmedia&parent=1700"}],"wp:term":[{"taxonomy":"product_brand","embeddable":true,"href":"https:\/\/zol.no\/index.php?rest_route=%2Fwp%2Fv2%2Fproduct_brand&post=1700"},{"taxonomy":"product_cat","embeddable":true,"href":"https:\/\/zol.no\/index.php?rest_route=%2Fwp%2Fv2%2Fproduct_cat&post=1700"},{"taxonomy":"product_tag","embeddable":true,"href":"https:\/\/zol.no\/index.php?rest_route=%2Fwp%2Fv2%2Fproduct_tag&post=1700"}],"curies":[{"name":"wp","href":"https:\/\/api.w.org\/{rel}","templated":true}]}}