{"id":1726,"date":"2023-11-04T19:36:42","date_gmt":"2023-11-04T18:36:42","guid":{"rendered":"https:\/\/zol.no\/?post_type=product&#038;p=1726"},"modified":"2026-04-05T01:42:38","modified_gmt":"2026-04-05T00:42:38","slug":"rg-bursdagspakke","status":"publish","type":"product","link":"https:\/\/zol.no\/?product=rg-bursdagspakke","title":{"rendered":"RG bursdagspakke"},"content":{"rendered":"<ul>\n<li><strong>Perfekt til RG Bursdager og Lignende Feiringer<\/strong><\/li>\n<li><strong>Perfekt som Foto-Rekvisitt p\u00e5 Barnas Bursdagsfest<\/strong><\/li>\n<li><strong>100% Helt Nytt og av H\u00f8y Kvalitet<\/strong><\/li>\n<li>\n<strong>Produktinnhold:<\/strong><\/p>\n<ul>\n<li>8 stk. 7-tommers tallerkener<\/li>\n<li>8 stk. 9-tommers tallerkener<\/li>\n<li>8 stk. kopper<\/li>\n<li>20 stk. servietter<\/li>\n<\/ul>\n<\/li>\n<\/ul>\n<p>Gj\u00f8r bursdagen og festen ekstra spesiell med v\u00e5r RG festdekorasjonssett. Dette settet best\u00e5r av vakre, festlige elementer som er perfekte for \u00e5 skape en minneverdig atmosf\u00e6re p\u00e5 RG bursdagen eller lignende feiringer.<\/p>\n<p>Med en h\u00f8ykvalitets konstruksjon laget av papp, er hvert element i dette settet utformet for \u00e5 vare gjennom hele feiringen. Tallerkenene, koppene og serviettene er praktiske og passer perfekt for RG bursdager i alle aldre.<\/p>\n<p>Enten du arrangerer en bursdagsfest p\u00e5 en restaurant, p\u00e5 kontoret, p\u00e5 et hotell eller til og med i en butikk, vil dette dekorasjonssettet legge til den rette feststemningen. Det er ogs\u00e5 flott for bruk som foto-rekvisitt p\u00e5 barnas bursdagsfest.<\/p>\n<p>Skap uforglemmelige \u00f8yeblikk og feststemning med v\u00e5rt festdekorasjonssett. Bestill ditt sett i dag og gj\u00f8r deg klar for en vellykket feiring som alle vil huske!<\/p>\n<p><img decoding=\"async\" class=\"img-responsive\" src=\"https:\/\/ae01.alicdn.com\/kf\/S196de924db454202b170ca73f0a806f8V.jpg\"><\/p>\n<p><img decoding=\"async\" class=\"img-responsive\" src=\"https:\/\/ae01.alicdn.com\/kf\/S4b02ca87573c40ae980530b2e4881c1ao.jpg\"><\/p>\n<p><img decoding=\"async\" class=\"img-responsive\" src=\"https:\/\/ae01.alicdn.com\/kf\/Se9179e9c589a434cbf44e01e1bcf3f4fG.jpg\"><\/p>\n<p><img decoding=\"async\" class=\"img-responsive\" src=\"https:\/\/ae01.alicdn.com\/kf\/S7be73c5e0e2a4e3fa5922f8c36a0a6c6Y.jpg\"><\/p>\n<p><img decoding=\"async\" class=\"img-responsive\" src=\"https:\/\/ae01.alicdn.com\/kf\/Sf9c582d43a9142d8b8ad10784ab9f8fcl.jpg\"><\/p>\n<p><img decoding=\"async\" class=\"img-responsive\" src=\"https:\/\/ae01.alicdn.com\/kf\/Sa086309f052d49e79e028dcf508eb804Q.jpg\"><\/p>\n","protected":false},"excerpt":{"rendered":"<p>Perfekt til RG Bursdager og Lignende Feiringer Perfekt som Foto-Rekvisitt p\u00e5 Barnas Bursdagsfest 100% Helt Nytt og av H\u00f8y Kvalitet Produktinnhold: 8 stk. 7-tommers tallerkener 8 stk. 9-tommers tallerkener 8 stk. kopper 20 stk. servietter Gj\u00f8r bursdagen og festen ekstra spesiell med v\u00e5r RG festdekorasjonssett. Dette settet best\u00e5r av vakre, festlige elementer som er perfekte [&hellip;]<\/p>\n","protected":false},"featured_media":1727,"comment_status":"open","ping_status":"closed","template":"","meta":[],"product_brand":[],"product_cat":[160,258],"product_tag":[276,378,379,377],"class_list":{"0":"post-1726","1":"product","2":"type-product","3":"status-publish","4":"has-post-thumbnail","6":"product_cat-party","7":"product_cat-turn-og-rg","8":"product_tag-bursdag","9":"product_tag-bursdagspakke","10":"product_tag-party","11":"product_tag-rg","13":"first","14":"instock","15":"taxable","16":"shipping-taxable","17":"purchasable","18":"product-type-simple"},"jetpack_sharing_enabled":true,"_links":{"self":[{"href":"https:\/\/zol.no\/index.php?rest_route=\/wp\/v2\/product\/1726","targetHints":{"allow":["GET"]}}],"collection":[{"href":"https:\/\/zol.no\/index.php?rest_route=\/wp\/v2\/product"}],"about":[{"href":"https:\/\/zol.no\/index.php?rest_route=\/wp\/v2\/types\/product"}],"replies":[{"embeddable":true,"href":"https:\/\/zol.no\/index.php?rest_route=%2Fwp%2Fv2%2Fcomments&post=1726"}],"wp:featuredmedia":[{"embeddable":true,"href":"https:\/\/zol.no\/index.php?rest_route=\/wp\/v2\/media\/1727"}],"wp:attachment":[{"href":"https:\/\/zol.no\/index.php?rest_route=%2Fwp%2Fv2%2Fmedia&parent=1726"}],"wp:term":[{"taxonomy":"product_brand","embeddable":true,"href":"https:\/\/zol.no\/index.php?rest_route=%2Fwp%2Fv2%2Fproduct_brand&post=1726"},{"taxonomy":"product_cat","embeddable":true,"href":"https:\/\/zol.no\/index.php?rest_route=%2Fwp%2Fv2%2Fproduct_cat&post=1726"},{"taxonomy":"product_tag","embeddable":true,"href":"https:\/\/zol.no\/index.php?rest_route=%2Fwp%2Fv2%2Fproduct_tag&post=1726"}],"curies":[{"name":"wp","href":"https:\/\/api.w.org\/{rel}","templated":true}]}}