{"id":1734,"date":"2023-11-04T19:44:59","date_gmt":"2023-11-04T18:44:59","guid":{"rendered":"https:\/\/zol.no\/?post_type=product&#038;p=1734"},"modified":"2026-05-10T12:13:53","modified_gmt":"2026-05-10T11:13:53","slug":"130220cm-rg-duk","status":"publish","type":"product","link":"https:\/\/zol.no\/?product=130220cm-rg-duk","title":{"rendered":"130*220cm RG duk"},"content":{"rendered":"<p>Produktinformasjon<\/p>\n<ul>\n<li>\n<strong>Materiale:<\/strong> PE (Polyetylen)<\/li>\n<li>\n<strong>St\u00f8rrelse:<\/strong> 130 x 220 cm<\/li>\n<li><strong>Perfekt for RG Bursdager og Lignende Feiringer<\/strong><\/li>\n<li><strong>Perfekt som Foto-Rekvisitt p\u00e5 Barnas Bursdagsfest<\/strong><\/li>\n<li><strong>100% Helt Nytt og av H\u00f8y Kvalitet<\/strong><\/li>\n<\/ul>\n<p>RG duken er den perfekte m\u00e5ten \u00e5 legge til en festlig atmosf\u00e6re til bursdager og lignende feiringer. Med en imponerende st\u00f8rrelse p\u00e5 130 x 220 cm, dekker denne duken en betydelig plass og gir en flott bakgrunn for feiringen.<\/p>\n<p>Legg til festlig stemning og glede i bursdagen eller feiringen med dette flotte RG duken. Bestill det i dag og gj\u00f8r deg klar for en minneverdig feiring!<\/p>\n<p><img decoding=\"async\" class=\"img-responsive\" src=\"https:\/\/ae01.alicdn.com\/kf\/S64c9873f796e427b8b3fda0f8ea1c4e8A.jpg\"><\/p>\n<p><img decoding=\"async\" class=\"img-responsive\" src=\"https:\/\/ae01.alicdn.com\/kf\/S9bf049b80dff41e281f29ad10d19de025.jpg\"><\/p>\n<p><img decoding=\"async\" class=\"img-responsive\" src=\"https:\/\/ae01.alicdn.com\/kf\/Sdb065748d3424463882a5e20b32af376j.jpg\"><\/p>\n<p><img decoding=\"async\" class=\"img-responsive\" src=\"https:\/\/ae01.alicdn.com\/kf\/S117fc54075d34677b30f5f24e7ceecebh.jpg\"><\/p>\n<p><img decoding=\"async\" class=\"img-responsive\" src=\"https:\/\/ae01.alicdn.com\/kf\/S5a490da035e1489a92db431aa27f9dbf3.jpg\"><\/p>\n<p><img decoding=\"async\" class=\"img-responsive\" src=\"https:\/\/ae01.alicdn.com\/kf\/S67fa8a7112a1416299dbd13cb1e86991Y.jpg\"><\/p>\n","protected":false},"excerpt":{"rendered":"<p>Produktinformasjon Materiale: PE (Polyetylen) St\u00f8rrelse: 130 x 220 cm Perfekt for RG Bursdager og Lignende Feiringer Perfekt som Foto-Rekvisitt p\u00e5 Barnas Bursdagsfest 100% Helt Nytt og av H\u00f8y Kvalitet RG duken er den perfekte m\u00e5ten \u00e5 legge til en festlig atmosf\u00e6re til bursdager og lignende feiringer. Med en imponerende st\u00f8rrelse p\u00e5 130 x 220 cm, [&hellip;]<\/p>\n","protected":false},"featured_media":1735,"comment_status":"open","ping_status":"closed","template":"","meta":[],"product_brand":[],"product_cat":[160,258],"product_tag":[276,279,377],"class_list":{"0":"post-1734","1":"product","2":"type-product","3":"status-publish","4":"has-post-thumbnail","6":"product_cat-party","7":"product_cat-turn-og-rg","8":"product_tag-bursdag","9":"product_tag-duk","10":"product_tag-rg","12":"first","13":"instock","14":"taxable","15":"shipping-taxable","16":"purchasable","17":"product-type-simple"},"jetpack_sharing_enabled":true,"_links":{"self":[{"href":"https:\/\/zol.no\/index.php?rest_route=\/wp\/v2\/product\/1734","targetHints":{"allow":["GET"]}}],"collection":[{"href":"https:\/\/zol.no\/index.php?rest_route=\/wp\/v2\/product"}],"about":[{"href":"https:\/\/zol.no\/index.php?rest_route=\/wp\/v2\/types\/product"}],"replies":[{"embeddable":true,"href":"https:\/\/zol.no\/index.php?rest_route=%2Fwp%2Fv2%2Fcomments&post=1734"}],"wp:featuredmedia":[{"embeddable":true,"href":"https:\/\/zol.no\/index.php?rest_route=\/wp\/v2\/media\/1735"}],"wp:attachment":[{"href":"https:\/\/zol.no\/index.php?rest_route=%2Fwp%2Fv2%2Fmedia&parent=1734"}],"wp:term":[{"taxonomy":"product_brand","embeddable":true,"href":"https:\/\/zol.no\/index.php?rest_route=%2Fwp%2Fv2%2Fproduct_brand&post=1734"},{"taxonomy":"product_cat","embeddable":true,"href":"https:\/\/zol.no\/index.php?rest_route=%2Fwp%2Fv2%2Fproduct_cat&post=1734"},{"taxonomy":"product_tag","embeddable":true,"href":"https:\/\/zol.no\/index.php?rest_route=%2Fwp%2Fv2%2Fproduct_tag&post=1734"}],"curies":[{"name":"wp","href":"https:\/\/api.w.org\/{rel}","templated":true}]}}