{"id":1798,"date":"2024-11-14T10:22:45","date_gmt":"2024-11-14T09:22:45","guid":{"rendered":"https:\/\/zol.no\/?post_type=product&#038;p=1798"},"modified":"2026-05-10T13:26:15","modified_gmt":"2026-05-10T12:26:15","slug":"roborock-reservedeler","status":"publish","type":"product","link":"https:\/\/zol.no\/?product=roborock-reservedeler","title":{"rendered":"Roborock S7 Reservedeler"},"content":{"rendered":"<p><strong>Produktbeskrivelse for Xiaomi Roborock S7 <\/strong><\/p>\n<p><strong>T7s T7s Plus Moppeklut Tilbeh\u00f8r<\/strong><\/p>\n<p><em>1. Laget av h\u00f8ykvalitetsmateriale for bedre holdbarhet.<\/em><\/p>\n<p><em>2. Har sterke egenskaper for vannabsorpsjon, desinfeksjon og luktfjerning.<\/em><\/p>\n<p><em>3. Kraftig og langvarig rengj\u00f8ringseffekt, lett \u00e5 h\u00e5ndtere alle typer flekker, som merker, juice-rester og oljeflekker p\u00e5 gulvet.<\/em><\/p>\n<p><em>4. Maskinvaskbar, gjenbrukbar og holdbar for optimal ytelse.<\/em><\/p>\n<p><img decoding=\"async\" class=\"img-responsive\" src=\"\/\/ae01.alicdn.com\/kf\/S0e7175160d3a4e38ab1b9fca138380d8v.jpg\" \/><img decoding=\"async\" class=\"img-responsive\" src=\"\/\/ae01.alicdn.com\/kf\/Sdafb822a76d2443881c8e2bf5976cba2i.jpg\" \/><img decoding=\"async\" class=\"img-responsive\" src=\"\/\/ae01.alicdn.com\/kf\/Sdeeb6dc7effb48a980c2f4db93710c61n.jpg\" \/><\/p>\n","protected":false},"excerpt":{"rendered":"<p>Produktbeskrivelse for Xiaomi Roborock S7 T7s T7s Plus Moppeklut Tilbeh\u00f8r 1. Laget av h\u00f8ykvalitetsmateriale for bedre holdbarhet. 2. Har sterke egenskaper for vannabsorpsjon, desinfeksjon og luktfjerning. 3. Kraftig og langvarig rengj\u00f8ringseffekt, lett \u00e5 h\u00e5ndtere alle typer flekker, som merker, juice-rester og oljeflekker p\u00e5 gulvet. 4. Maskinvaskbar, gjenbrukbar og holdbar for optimal ytelse.<\/p>\n","protected":false},"featured_media":1799,"comment_status":"open","ping_status":"closed","template":"","meta":[],"product_brand":[],"product_cat":[479,385],"product_tag":[393,394,391,387,388,386,392,389,390,395],"class_list":{"0":"post-1798","1":"product","2":"type-product","3":"status-publish","4":"has-post-thumbnail","6":"product_cat-roborock","7":"product_cat-robotstovsuger-tilbehor","8":"product_tag-filter","9":"product_tag-forste","10":"product_tag-hepa-filter","11":"product_tag-moppeklut","12":"product_tag-reservedel","13":"product_tag-roborock","14":"product_tag-robotstovsuger","15":"product_tag-s7","16":"product_tag-t7s","17":"product_tag-xiaomi","19":"first","20":"instock","21":"taxable","22":"shipping-taxable","23":"purchasable","24":"product-type-variable"},"jetpack_sharing_enabled":true,"_links":{"self":[{"href":"https:\/\/zol.no\/index.php?rest_route=\/wp\/v2\/product\/1798","targetHints":{"allow":["GET"]}}],"collection":[{"href":"https:\/\/zol.no\/index.php?rest_route=\/wp\/v2\/product"}],"about":[{"href":"https:\/\/zol.no\/index.php?rest_route=\/wp\/v2\/types\/product"}],"replies":[{"embeddable":true,"href":"https:\/\/zol.no\/index.php?rest_route=%2Fwp%2Fv2%2Fcomments&post=1798"}],"wp:featuredmedia":[{"embeddable":true,"href":"https:\/\/zol.no\/index.php?rest_route=\/wp\/v2\/media\/1799"}],"wp:attachment":[{"href":"https:\/\/zol.no\/index.php?rest_route=%2Fwp%2Fv2%2Fmedia&parent=1798"}],"wp:term":[{"taxonomy":"product_brand","embeddable":true,"href":"https:\/\/zol.no\/index.php?rest_route=%2Fwp%2Fv2%2Fproduct_brand&post=1798"},{"taxonomy":"product_cat","embeddable":true,"href":"https:\/\/zol.no\/index.php?rest_route=%2Fwp%2Fv2%2Fproduct_cat&post=1798"},{"taxonomy":"product_tag","embeddable":true,"href":"https:\/\/zol.no\/index.php?rest_route=%2Fwp%2Fv2%2Fproduct_tag&post=1798"}],"curies":[{"name":"wp","href":"https:\/\/api.w.org\/{rel}","templated":true}]}}