{"id":1860,"date":"2024-11-14T11:08:22","date_gmt":"2024-11-14T10:08:22","guid":{"rendered":"https:\/\/zol.no\/?post_type=product&#038;p=1860"},"modified":"2026-04-20T12:53:21","modified_gmt":"2026-04-20T11:53:21","slug":"mopp-til-roborock-s6-maxv-pure","status":"publish","type":"product","link":"https:\/\/zol.no\/?product=mopp-til-roborock-s6-maxv-pure","title":{"rendered":"Mopp til Roborock S6 MaxV \/ Pure"},"content":{"rendered":"<p>Mopp til Roborock S5 S50 S51 S55 S6 S5Max S6 Pure S6 MaxV Xiaowa E25 E35 Robotst\u00f8vsuger Moppetilbeh\u00f8r<\/p>\n<p><strong>Produktbeskrivelse:<\/strong><\/p>\n<p><em>1. 100 % helt ny og av h\u00f8y kvalitet.<\/em><\/p>\n<p><em>2. Laget av materialer av h\u00f8y kvalitet, mer slitesterk.<\/em><\/p>\n<p><em>3. Sterk vannabsorpsjon, desinfeksjon og luktfjerningsfunksjoner, t\u00f8rker raskt og har god luftgjennomtrengelighet.<\/em><\/p>\n<p><em>4. Kraftig og langvarig rengj\u00f8ringseffekt, takler enkelt forskjellige flekker, som spor, rester av juice og oljeflekker p\u00e5 gulvet.<\/em><\/p>\n<p><em>5. Maskinvaskbar, gjenbrukbar, holdbar og med beste ytelse.<\/em><\/p>\n<p><strong>Spesifikasjoner:<\/strong><\/p>\n<ul>\n<li>\n<strong>Materiale:<\/strong> Absorberende klut<\/li>\n<li>\n<strong>Farge:<\/strong> Som vist p\u00e5 bildet<\/li>\n<li>\n<strong>Dimensjoner:<\/strong> 30,5 x 11,5 cm \/ 12 x 4,5 tommer<\/li>\n<li>\n<strong>Kompatibel modell:<\/strong> Xiaomi Roborock S5 S50 S51 S55 S6 S5 Max S6 Pure S6 MaxV Xiaowa E25 E35<\/li>\n<\/ul>\n","protected":false},"excerpt":{"rendered":"<p>Mopp til Roborock S5 S50 S51 S55 S6 S5Max S6 Pure S6 MaxV Xiaowa E25 E35 Robotst\u00f8vsuger Moppetilbeh\u00f8r Produktbeskrivelse: 1. 100 % helt ny og av h\u00f8y kvalitet. 2. Laget av materialer av h\u00f8y kvalitet, mer slitesterk. 3. Sterk vannabsorpsjon, desinfeksjon og luktfjerningsfunksjoner, t\u00f8rker raskt og har god luftgjennomtrengelighet. 4. Kraftig og langvarig rengj\u00f8ringseffekt, takler [&hellip;]<\/p>\n","protected":false},"featured_media":1861,"comment_status":"open","ping_status":"closed","template":"","meta":[],"product_brand":[],"product_cat":[479,385],"product_tag":[420,423,421,386,392,422],"class_list":{"0":"post-1860","1":"product","2":"type-product","3":"status-publish","4":"has-post-thumbnail","6":"product_cat-roborock","7":"product_cat-robotstovsuger-tilbehor","8":"product_tag-maxv","9":"product_tag-mopp","10":"product_tag-pure","11":"product_tag-roborock","12":"product_tag-robotstovsuger","13":"product_tag-s6","15":"first","16":"instock","17":"taxable","18":"shipping-taxable","19":"purchasable","20":"product-type-variable"},"jetpack_sharing_enabled":true,"_links":{"self":[{"href":"https:\/\/zol.no\/index.php?rest_route=\/wp\/v2\/product\/1860","targetHints":{"allow":["GET"]}}],"collection":[{"href":"https:\/\/zol.no\/index.php?rest_route=\/wp\/v2\/product"}],"about":[{"href":"https:\/\/zol.no\/index.php?rest_route=\/wp\/v2\/types\/product"}],"replies":[{"embeddable":true,"href":"https:\/\/zol.no\/index.php?rest_route=%2Fwp%2Fv2%2Fcomments&post=1860"}],"wp:featuredmedia":[{"embeddable":true,"href":"https:\/\/zol.no\/index.php?rest_route=\/wp\/v2\/media\/1861"}],"wp:attachment":[{"href":"https:\/\/zol.no\/index.php?rest_route=%2Fwp%2Fv2%2Fmedia&parent=1860"}],"wp:term":[{"taxonomy":"product_brand","embeddable":true,"href":"https:\/\/zol.no\/index.php?rest_route=%2Fwp%2Fv2%2Fproduct_brand&post=1860"},{"taxonomy":"product_cat","embeddable":true,"href":"https:\/\/zol.no\/index.php?rest_route=%2Fwp%2Fv2%2Fproduct_cat&post=1860"},{"taxonomy":"product_tag","embeddable":true,"href":"https:\/\/zol.no\/index.php?rest_route=%2Fwp%2Fv2%2Fproduct_tag&post=1860"}],"curies":[{"name":"wp","href":"https:\/\/api.w.org\/{rel}","templated":true}]}}