{"id":1912,"date":"2024-11-14T13:14:13","date_gmt":"2024-11-14T12:14:13","guid":{"rendered":"https:\/\/zol.no\/?post_type=product&#038;p=1912"},"modified":"2026-05-10T12:45:31","modified_gmt":"2026-05-10T11:45:31","slug":"terskelrampe-til-robotstovuger","status":"publish","type":"product","link":"https:\/\/zol.no\/?product=terskelrampe-til-robotstovuger","title":{"rendered":"Terskelrampe til robotst\u00f8vuger"},"content":{"rendered":"<p>Hjelper st\u00f8vsugeren din med \u00e5 krysse terskler (1-3 cm h\u00f8yde), noe som gj\u00f8r rengj\u00f8ringen mer omfattende og effektiv. Designet med avrundede kanter, slik at den enkelt kan klatre i alle retninger. Laget av TPE-milj\u00f8vennlig materiale, trygt i bruk. Justerbare lengdemoduler som kan kombineres etter dine faktiske behov.<\/p>\n<ul>\n<li>\n<strong>Type:<\/strong> Tilbeh\u00f8r til robotst\u00f8vsuger<\/li>\n<li>\n<strong>Farge:<\/strong> Gr\u00e5<\/li>\n<li>\n<strong>Materiale:<\/strong> TPE<\/li>\n<\/ul>\n<p><strong>Pakkens innhold:<\/strong><\/p>\n<ul>\n<li>4 x Terskelstriper<\/li>\n<\/ul><\/p>\n","protected":false},"excerpt":{"rendered":"<p>Hjelper st\u00f8vsugeren din med \u00e5 krysse terskler (1-3 cm h\u00f8yde), noe som gj\u00f8r rengj\u00f8ringen mer omfattende og effektiv. Designet med avrundede kanter, slik at den enkelt kan klatre i alle retninger. Laget av TPE-milj\u00f8vennlig materiale, trygt i bruk. Justerbare lengdemoduler som kan kombineres etter dine faktiske behov. Type: Tilbeh\u00f8r til robotst\u00f8vsuger Farge: Gr\u00e5 Materiale: TPE [&hellip;]<\/p>\n","protected":false},"featured_media":1913,"comment_status":"open","ping_status":"closed","template":"","meta":[],"product_brand":[],"product_cat":[480,483,482,481,479,385],"product_tag":[438,439,392,440,437],"class_list":{"0":"post-1912","1":"product","2":"type-product","3":"status-publish","4":"has-post-thumbnail","6":"product_cat-dreame","7":"product_cat-ecovacs","8":"product_cat-irobot","9":"product_cat-neatsvor","10":"product_cat-roborock","11":"product_cat-robotstovsuger-tilbehor","12":"product_tag-dorstokk","13":"product_tag-rampe","14":"product_tag-robotstovsuger","15":"product_tag-terskel","16":"product_tag-terskelrampe","18":"first","19":"instock","20":"taxable","21":"shipping-taxable","22":"purchasable","23":"product-type-simple"},"jetpack_sharing_enabled":true,"_links":{"self":[{"href":"https:\/\/zol.no\/index.php?rest_route=\/wp\/v2\/product\/1912","targetHints":{"allow":["GET"]}}],"collection":[{"href":"https:\/\/zol.no\/index.php?rest_route=\/wp\/v2\/product"}],"about":[{"href":"https:\/\/zol.no\/index.php?rest_route=\/wp\/v2\/types\/product"}],"replies":[{"embeddable":true,"href":"https:\/\/zol.no\/index.php?rest_route=%2Fwp%2Fv2%2Fcomments&post=1912"}],"wp:featuredmedia":[{"embeddable":true,"href":"https:\/\/zol.no\/index.php?rest_route=\/wp\/v2\/media\/1913"}],"wp:attachment":[{"href":"https:\/\/zol.no\/index.php?rest_route=%2Fwp%2Fv2%2Fmedia&parent=1912"}],"wp:term":[{"taxonomy":"product_brand","embeddable":true,"href":"https:\/\/zol.no\/index.php?rest_route=%2Fwp%2Fv2%2Fproduct_brand&post=1912"},{"taxonomy":"product_cat","embeddable":true,"href":"https:\/\/zol.no\/index.php?rest_route=%2Fwp%2Fv2%2Fproduct_cat&post=1912"},{"taxonomy":"product_tag","embeddable":true,"href":"https:\/\/zol.no\/index.php?rest_route=%2Fwp%2Fv2%2Fproduct_tag&post=1912"}],"curies":[{"name":"wp","href":"https:\/\/api.w.org\/{rel}","templated":true}]}}