{"id":327,"date":"2021-02-11T08:34:04","date_gmt":"2021-02-11T08:34:04","guid":{"rendered":"https:\/\/zol.no\/produkt\/26cm-led-ring-med-stativ\/"},"modified":"2023-02-01T11:18:10","modified_gmt":"2023-02-01T10:18:10","slug":"26cm-led-ring-med-stativ","status":"publish","type":"product","link":"https:\/\/zol.no\/?product=26cm-led-ring-med-stativ","title":{"rendered":"26cm LED Ring med stativ"},"content":{"rendered":"<p>&nbsp;<\/p>\n<div class=\"product-specs-list-container\">\n<ul class=\"product-specs-list util-clearfix\">\n<li class=\"product-prop line-limit-length\"><span class=\"property-title\">Merke: <\/span><span class=\"property-desc line-limit-length\">PYNSSEU<\/span><\/li>\n<li class=\"product-prop line-limit-length\"><span class=\"property-title\">Produsert: <\/span><span class=\"property-desc line-limit-length\">CN<\/span><\/li>\n<li class=\"product-prop line-limit-length\"><span class=\"property-title\">Certification:\u00a0<\/span><span class=\"property-desc line-limit-length\">NONE<\/span><\/li>\n<li class=\"product-prop line-limit-length\"><span class=\"property-title\">Farge temperatur: Dagslys<\/span><span class=\"property-desc line-limit-length\">\u00a05600K<\/span><\/li>\n<li class=\"product-prop line-limit-length\"><span class=\"property-title\">Type:\u00a0<\/span><span class=\"property-desc line-limit-length\">Rund ledring med tripod<\/span><\/li>\n<li class=\"product-prop line-limit-length\"><span class=\"property-title\">Lampe st\u00f8rrelse: <\/span><span class=\"property-desc line-limit-length\">\u00a026 CM<\/span><\/li>\n<li class=\"product-prop line-limit-length\"><span class=\"property-title\">Lampe feste: med<\/span><span class=\"property-desc line-limit-length\">\u00a01\/4 skru<\/span><\/li>\n<li class=\"product-prop line-limit-length\"><span class=\"property-title\">Bruksomr\u00e5de: <\/span><span class=\"property-desc line-limit-length\">Youtube \/ Make-up<\/span><\/li>\n<\/ul>\n<\/div>\n<div class=\"detailmodule_dynamic\"><\/div>\n<div class=\"detailmodule_dynamic\"><\/div>\n<div class=\"detailmodule_html\">\n<div class=\"detail-desc-decorate-richtext\">\n<p style=\"text-align: center;\" align=\"center\"><span style=\"font-family: georgia, serif;\"><strong><span style=\"font-size: 20px;\">PYNSSEU 26cm LED lysring med 1.1\/1.6\/2.0M lysring stativ &#8211; Trinnl\u00f8s dimming. 10&#8243; Selfie Ring , YouTube sminke osv.<\/span><\/strong><\/span><\/p>\n<div><img decoding=\"async\" src=\"https:\/\/zol.no\/wp-content\/uploads\/2021\/02\/Hdc2f8ef34ac24e019e5b3f68b6ee7f897.png\" \/><\/div>\n<p><span style=\"color: #000000; font-size: 16px; font-family: verdana, geneva, sans-serif;\"><span style=\"font-size: 16px; font-family: verdana, geneva, sans-serif;\"><strong>Beskrivelse\uff1a<\/strong><\/span><\/span><\/p>\n<p>&nbsp;<\/p>\n<pre><code><strong><span style=\"font-family: verdana, geneva, sans-serif;\">Type: LED Ringlampe \/ Ringlampe med stativ<\/span><\/strong>\r\n\r\n<strong><span style=\"font-family: verdana, geneva, sans-serif;\">Lampest\u00f8rrelse: 26cm \/ 10 tommer<\/span><\/strong>\r\n\r\n<strong><span style=\"font-family: verdana, geneva, sans-serif;\">Stativst\u00f8rrelse: 1.1m \/ 1.6m \/ 2.0m Tripod<\/span><\/strong>\r\n\r\n<strong><span style=\"font-family: verdana, geneva, sans-serif;\">Str\u00f8mforsyning: USB plug<\/span><\/strong>\r\n\r\n<strong><span style=\"font-family: verdana, geneva, sans-serif;\">Dimming : 1%-100%<\/span><\/strong>\r\n\r\n<strong><span style=\"font-family: verdana, geneva, sans-serif;\">Fargetemperatur: 3200K-5500K<\/span><\/strong>\r\n\r\n<strong><span style=\"font-family: verdana, geneva, sans-serif;\">Lyskilde: LED SMD<\/span><\/strong>\r\n\r\n<strong><span style=\"font-family: verdana, geneva, sans-serif;\">Effekt: 10W<\/span><\/strong>\r\n\r\n<strong><span style=\"font-family: verdana, geneva, sans-serif;\">Materiale : Aluminum+PC<\/span><\/strong>\r\n\r\n<strong><span style=\"font-family: verdana, geneva, sans-serif;\">Lysfarge: hvitt lys, varmt lys, mykt lys<\/span><\/strong>\r\n\r\n\r\n<\/code><\/pre>\n<pre><code><strong><span style=\"font-size: 16px; font-family: verdana, geneva, sans-serif;\">Spesifikasjoner:<\/span><\/strong>\r\n\r\n<strong><span style=\"font-family: verdana, geneva, sans-serif;\">* 10 lysmodus kan justeres.<\/span><\/strong>\r\n\r\n<strong><span style=\"font-family: verdana, geneva, sans-serif;\">* 3 lysfarger, trinnl\u00f8st lysdemping, hvitt lys, varmt lys, mykt lys.<\/span><\/strong>\r\n\r\n<strong><span style=\"font-family: verdana, geneva, sans-serif;\">* Lysstativ med 1\/4 skrue, kan passe til ringlys, soft box, studio light, profesjonell fotografibelysning ...<\/span><\/strong>\r\n\r\n<strong><span style=\"font-family: verdana, geneva, sans-serif;\">* Justerbar lett stativ 1,1m \/ 1,6m \/ 2,0m for universell h\u00f8y og veldig stabil.<\/span><\/strong>\r\n\r\n\r\n\r\n<strong><span style=\"font-size: 16px; font-family: verdana, geneva, sans-serif;\">Innhold i pakken:<\/span><\/strong>\r\n\r\n<strong><span style=\"font-family: verdana, geneva, sans-serif;\">10 tommer Lysring<\/span><\/strong>\r\n\r\n<strong><span style=\"font-family: verdana, geneva, sans-serif;\">Telefonholder<\/span><\/strong>\r\n\r\n<strong><span style=\"font-family: verdana, geneva, sans-serif;\">Rotasjonsholder<\/span><\/strong>\r\n\r\n<strong><span style=\"font-family: verdana, geneva, sans-serif;\">1.1M \/ 1.6 M \/ 2.0M stativ (avhenging av hvilken du velger)<\/span><\/strong>\r\n\r\n\r\n<\/code><\/pre>\n<p>&nbsp;<\/p>\n<p><img decoding=\"async\" src=\"https:\/\/zol.no\/wp-content\/uploads\/2021\/02\/H34b66591fdf94e3a8a71bce4eb12e4022.png\" \/><\/p>\n<p><img decoding=\"async\" src=\"https:\/\/zol.no\/wp-content\/uploads\/2021\/02\/H908bef59f5a448b4a2d862ddd6b07683v.jpg\" \/><\/p>\n<p style=\"text-align: center;\" align=\"center\"><span style=\"font-size: 18px;\"><span style=\"color: #ffc000;\"><strong>26 cm ringlampe med USB, kan festes til USB-kontakt, b\u00e6rbar PC, str\u00f8mbank og plugg.<\/strong><\/span><\/span><\/p>\n<p><img decoding=\"async\" src=\"https:\/\/zol.no\/wp-content\/uploads\/2021\/02\/He19cd035083b4649b0381611a861e8b1P.jpg\" \/><\/p>\n<p>&nbsp;<\/p>\n<p style=\"text-align: center;\" align=\"center\"><span style=\"color: #ffc000;\"><strong><span style=\"font-size: 18px;\">Ringlampe med 360 graders fleksibel rotasjonsholder, du kan velge hvilken vinkel du vil.<\/span><\/strong><\/span><\/p>\n<p>&nbsp;<\/p>\n<p><img decoding=\"async\" src=\"https:\/\/zol.no\/wp-content\/uploads\/2021\/02\/H646e3bc92a244c00a1a9e6b07ea25d76R.jpg\" \/><\/p>\n<p>&nbsp;<\/p>\n<p style=\"text-align: center;\" align=\"center\"><strong><span style=\"font-family: verdana, geneva, sans-serif;\"><span style=\"color: #ffc000;\"><span style=\"font-size: 18px;\">Ringlampen med 1,1 m \/ 1,6 m \/ 2,0 m justerbart lysstativ<\/span><\/span><\/span><\/strong><\/p>\n<p><img decoding=\"async\" src=\"https:\/\/zol.no\/wp-content\/uploads\/2021\/02\/Hf4df8efa813f4adc9ce6a89f286aec02J.jpg\" \/><\/p>\n<p><img decoding=\"async\" src=\"https:\/\/zol.no\/wp-content\/uploads\/2021\/02\/H62e8073d7c274f4f929a4f76344b82158.jpg\" \/><\/p>\n<p><img decoding=\"async\" src=\"https:\/\/zol.no\/wp-content\/uploads\/2021\/02\/H80db19e3a50044cc9247029a69a280efX.jpg\" \/><\/p>\n<p><img decoding=\"async\" src=\"https:\/\/zol.no\/wp-content\/uploads\/2021\/02\/H83cfa81e0bb84b2588700b46849e7b06K.jpg\" \/><\/p>\n<p style=\"text-align: center;\" align=\"center\"><span style=\"color: #ffc000;\"><span style=\"font-size: 18px;\"><strong>Popul\u00e6r h\u00f8ykvalitets ringlampe med varme, myke og hvite fargemodi, 10 lysstyrkeniv\u00e5er, enkel \u00e5 installere og bruke, kan passe for sminke, TikTok, YouTube, fotografering, video live stream.<\/strong><\/span><\/span><\/p>\n<p><img decoding=\"async\" src=\"https:\/\/zol.no\/wp-content\/uploads\/2021\/02\/H9a411c9e10bd493db3dbedcf14c32f40j.jpg\" \/><\/p>\n<p>&nbsp;<\/p>\n<p>&nbsp;<\/p>\n<p>&nbsp;<\/p>\n<\/div>\n<\/div>\n","protected":false},"excerpt":{"rendered":"<p>&nbsp; Merke: PYNSSEU Produsert: CN Certification:\u00a0NONE Farge temperatur: Dagslys\u00a05600K Type:\u00a0Rund ledring med tripod Lampe st\u00f8rrelse: \u00a026 CM Lampe feste: med\u00a01\/4 skru Bruksomr\u00e5de: Youtube \/ Make-up PYNSSEU 26cm LED lysring med 1.1\/1.6\/2.0M lysring stativ &#8211; Trinnl\u00f8s dimming. 10&#8243; Selfie Ring , YouTube sminke osv. Beskrivelse\uff1a &nbsp; Type: LED Ringlampe \/ Ringlampe med stativ Lampest\u00f8rrelse: 26cm \/ [&hellip;]<\/p>\n","protected":false},"featured_media":328,"comment_status":"open","ping_status":"closed","template":"","meta":[],"product_brand":[],"product_cat":[487],"product_tag":[116,87],"class_list":{"0":"post-327","1":"product","2":"type-product","3":"status-publish","4":"has-post-thumbnail","6":"product_cat-beredskap","7":"product_tag-lysring","8":"product_tag-tripod","10":"first","11":"instock","12":"taxable","13":"shipping-taxable","14":"purchasable","15":"product-type-variable"},"jetpack_sharing_enabled":true,"_links":{"self":[{"href":"https:\/\/zol.no\/index.php?rest_route=\/wp\/v2\/product\/327","targetHints":{"allow":["GET"]}}],"collection":[{"href":"https:\/\/zol.no\/index.php?rest_route=\/wp\/v2\/product"}],"about":[{"href":"https:\/\/zol.no\/index.php?rest_route=\/wp\/v2\/types\/product"}],"replies":[{"embeddable":true,"href":"https:\/\/zol.no\/index.php?rest_route=%2Fwp%2Fv2%2Fcomments&post=327"}],"wp:featuredmedia":[{"embeddable":true,"href":"https:\/\/zol.no\/index.php?rest_route=\/wp\/v2\/media\/328"}],"wp:attachment":[{"href":"https:\/\/zol.no\/index.php?rest_route=%2Fwp%2Fv2%2Fmedia&parent=327"}],"wp:term":[{"taxonomy":"product_brand","embeddable":true,"href":"https:\/\/zol.no\/index.php?rest_route=%2Fwp%2Fv2%2Fproduct_brand&post=327"},{"taxonomy":"product_cat","embeddable":true,"href":"https:\/\/zol.no\/index.php?rest_route=%2Fwp%2Fv2%2Fproduct_cat&post=327"},{"taxonomy":"product_tag","embeddable":true,"href":"https:\/\/zol.no\/index.php?rest_route=%2Fwp%2Fv2%2Fproduct_tag&post=327"}],"curies":[{"name":"wp","href":"https:\/\/api.w.org\/{rel}","templated":true}]}}