{"id":395,"date":"2021-02-11T09:02:27","date_gmt":"2021-02-11T09:02:27","guid":{"rendered":"https:\/\/zol.no\/produkt\/baerbar-selfie-ring-med-tripod\/"},"modified":"2022-11-29T20:59:48","modified_gmt":"2022-11-29T19:59:48","slug":"baerbar-selfie-ring-med-tripod","status":"publish","type":"product","link":"https:\/\/zol.no\/?product=baerbar-selfie-ring-med-tripod","title":{"rendered":"B\u00e6rbar Selfie Ring med tripod"},"content":{"rendered":"<div class=\"product-specs-list-container\">\n<ul class=\"product-specs-list util-clearfix\">\n<li class=\"product-prop line-limit-length\"><span class=\"property-title\">Brand Name:\u00a0<\/span><span class=\"property-desc line-limit-length\">BTFOOR<\/span><\/li>\n<li class=\"product-prop line-limit-length\"><span class=\"property-title\">Opprinnelse: Kina<\/span><\/li>\n<li class=\"product-prop line-limit-length\"><span class=\"property-title\">Certification:\u00a0<\/span><span class=\"property-desc line-limit-length\">CE<\/span><\/li>\n<li class=\"product-prop line-limit-length\"><span class=\"property-title\">Package:\u00a0<\/span><span class=\"property-desc line-limit-length\">Yes<\/span><\/li>\n<li class=\"product-prop line-limit-length\"><span class=\"property-title\">Farge temperatur:\u00a0<\/span><span class=\"property-desc line-limit-length\">3300-5600 K<\/span><\/li>\n<li class=\"product-prop line-limit-length\"><span class=\"property-title\">Power:\u00a0<\/span><span class=\"property-desc line-limit-length\">USB Charge<\/span><\/li>\n<\/ul>\n<\/div>\n<div class=\"detailmodule_image\"><img decoding=\"async\" class=\"detail-desc-decorate-image\" src=\"https:\/\/zol.no\/wp-content\/uploads\/2021\/02\/H9417a4cbf2c440889c4f2aaa0becf644r.jpg\" \/><\/div>\n<div class=\"detailmodule_html\">\n<div class=\"detail-desc-decorate-richtext\">\n<blockquote><p>Selfie foto ring lys runde sminke led fotografisk videokamera lampe. Studiobelysning med telefonholder og stativ stativ for filming av youtube og tiktok videoer.<\/p><\/blockquote>\n<p>1. Kan st\u00e5 p\u00e5 gulvet eller bare legge p\u00e5 bordet for enkelhets skyld. Tripod st\u00f8tter alle skruetelefonholdere med 1\/4 diameter. Du kan bruke den til \u00e5 koble telefonen separat for selfies<br \/>\n2. [Multifunksjoner] 2-i-1-design kombinerer telefonholder og selfieringlys sammen, det er et profesjonelt verkt\u00f8y for \u00e5 lage livevideoer \/ opptak med smarttelefon eller datamaskin. Perfekt ekstra lys for sminke, live streaming, flat flat, selfie bilder, filming, videoopptak, online undervisning, m\u00f8rk natur vlogging etc.<br \/>\n3. [Universal telefonholder] Kompatibel med nesten ALLE smarttelefoner med eller uten etui.<br \/>\n360 graders roterbar, justerbar visning om den kan v\u00e6re vannrett, loddrett eller hvilken som helst vinkel under solen.<br \/>\n4. [USB Powered] Fungerer med de fleste enheter som st\u00f8tter USB-port, som b\u00e6rbar PC, PC, str\u00f8mbank, USB-lader, str\u00f8madapter osv. Enkel kontroll p\u00e5 ledningen for \u00e5 sl\u00e5 den p\u00e5 \/ av eller bytte til den lysmodusen du foretrekker.<br \/>\n5. [Lett design] Ringlampen v\u00e5r er veldig enkel \u00e5 demontere og montere, veldig praktisk \u00e5 b\u00e6re og reise.<\/p>\n<p>Produktdetaljer for ringlys:<br \/>\nStreaming LED Stream Light<br \/>\nTre lysmodi (hvit, varm hvit, varm gul)<br \/>\nSt\u00f8dig stativstativ med sklisikre f\u00f8tter<br \/>\n10 lysstyrkeniv\u00e5er<br \/>\nUniversell telefonholder (2,36 \u2033 til 3,35 \u2033 i bredden)<br \/>\nJusterbar stativh\u00f8yde (14 til 47 tommer)<br \/>\nRask og enkel montering, demontering<\/p>\n<p>Pakken inkluderer:<br \/>\nSe bildedetaljene<\/p>\n<\/div>\n<\/div>\n<div class=\"detailmodule_html\">\n<div class=\"detail-desc-decorate-richtext\">\n<p><img decoding=\"async\" src=\"https:\/\/zol.no\/wp-content\/uploads\/2021\/02\/H08db91e9bf724c74a52d36015bb4de06D.jpg\" \/><\/p>\n<\/div>\n<\/div>\n<div class=\"detailmodule_html\">\n<div class=\"detail-desc-decorate-richtext\">\n<p><img decoding=\"async\" src=\"https:\/\/zol.no\/wp-content\/uploads\/2021\/02\/H3f76d46f7cc74a5e9af5b627e6701a04d.jpg\" \/><img decoding=\"async\" src=\"https:\/\/zol.no\/wp-content\/uploads\/2021\/02\/Hbc97ff514aac48fa876a1cd1937934b2D.jpg\" \/><img decoding=\"async\" src=\"https:\/\/zol.no\/wp-content\/uploads\/2021\/02\/Hebca65379db84864b1e70cf44adb4bc9o.jpg\" \/><\/p>\n<\/div>\n<\/div>\n<div class=\"detailmodule_html\">\n<div class=\"detail-desc-decorate-richtext\">\n<p><img decoding=\"async\" src=\"https:\/\/zol.no\/wp-content\/uploads\/2021\/02\/H574b45e73eb1469fa192959f433761f08.jpg\" \/><\/p>\n<\/div>\n<\/div>\n<div class=\"detailmodule_html\">\n<div class=\"detail-desc-decorate-richtext\">\n<p><img decoding=\"async\" src=\"https:\/\/zol.no\/wp-content\/uploads\/2021\/02\/H3a5a16ddc31c4700a171e70913ce8ab1t.jpg\" \/><img decoding=\"async\" src=\"https:\/\/zol.no\/wp-content\/uploads\/2021\/02\/H9f68676861c84dd6a6a0e0d61eeaff94c.jpg\" \/><img decoding=\"async\" src=\"https:\/\/zol.no\/wp-content\/uploads\/2021\/02\/H2a8d29a0afad423ca9005de159dd0365C.jpg\" \/><img decoding=\"async\" src=\"https:\/\/zol.no\/wp-content\/uploads\/2021\/02\/Hb69d20ca9a934aea8a544f0249d59389p.jpg\" \/><img decoding=\"async\" src=\"https:\/\/zol.no\/wp-content\/uploads\/2021\/02\/H23349defa4c744d08c556c3422b49297S.jpg\" \/><img decoding=\"async\" src=\"https:\/\/zol.no\/wp-content\/uploads\/2021\/02\/H1d7227b0c5064f5fa6dc9846dcaf00a91.jpg\" \/><\/p>\n<\/div>\n<\/div>\n<div class=\"detailmodule_html\">\n<div class=\"detail-desc-decorate-richtext\">\n<p style=\"text-align: left;\">\n<\/div>\n<\/div>\n","protected":false},"excerpt":{"rendered":"<p>Brand Name:\u00a0BTFOOR Opprinnelse: Kina Certification:\u00a0CE Package:\u00a0Yes Farge temperatur:\u00a03300-5600 K Power:\u00a0USB Charge Selfie foto ring lys runde sminke led fotografisk videokamera lampe. Studiobelysning med telefonholder og stativ stativ for filming av youtube og tiktok videoer. 1. Kan st\u00e5 p\u00e5 gulvet eller bare legge p\u00e5 bordet for enkelhets skyld. Tripod st\u00f8tter alle skruetelefonholdere med 1\/4 diameter. Du [&hellip;]<\/p>\n","protected":false},"featured_media":356,"comment_status":"open","ping_status":"closed","template":"","meta":[],"product_brand":[],"product_cat":[487],"product_tag":[],"class_list":{"0":"post-395","1":"product","2":"type-product","3":"status-publish","4":"has-post-thumbnail","6":"product_cat-beredskap","8":"first","9":"instock","10":"taxable","11":"shipping-taxable","12":"purchasable","13":"product-type-variable"},"jetpack_sharing_enabled":true,"_links":{"self":[{"href":"https:\/\/zol.no\/index.php?rest_route=\/wp\/v2\/product\/395","targetHints":{"allow":["GET"]}}],"collection":[{"href":"https:\/\/zol.no\/index.php?rest_route=\/wp\/v2\/product"}],"about":[{"href":"https:\/\/zol.no\/index.php?rest_route=\/wp\/v2\/types\/product"}],"replies":[{"embeddable":true,"href":"https:\/\/zol.no\/index.php?rest_route=%2Fwp%2Fv2%2Fcomments&post=395"}],"wp:featuredmedia":[{"embeddable":true,"href":"https:\/\/zol.no\/index.php?rest_route=\/wp\/v2\/media\/356"}],"wp:attachment":[{"href":"https:\/\/zol.no\/index.php?rest_route=%2Fwp%2Fv2%2Fmedia&parent=395"}],"wp:term":[{"taxonomy":"product_brand","embeddable":true,"href":"https:\/\/zol.no\/index.php?rest_route=%2Fwp%2Fv2%2Fproduct_brand&post=395"},{"taxonomy":"product_cat","embeddable":true,"href":"https:\/\/zol.no\/index.php?rest_route=%2Fwp%2Fv2%2Fproduct_cat&post=395"},{"taxonomy":"product_tag","embeddable":true,"href":"https:\/\/zol.no\/index.php?rest_route=%2Fwp%2Fv2%2Fproduct_tag&post=395"}],"curies":[{"name":"wp","href":"https:\/\/api.w.org\/{rel}","templated":true}]}}