{"id":847,"date":"2021-03-06T22:59:30","date_gmt":"2021-03-06T21:59:30","guid":{"rendered":"https:\/\/zol.no\/produkt\/bruk-smartklokken-din-som-sosterur\/"},"modified":"2026-03-08T05:40:39","modified_gmt":"2026-03-08T04:40:39","slug":"bruk-smartklokken-din-som-sosterur","status":"publish","type":"product","link":"https:\/\/zol.no\/?product=bruk-smartklokken-din-som-sosterur","title":{"rendered":"Bruk smartklokken din som s\u00f8sterur"},"content":{"rendered":"<div class=\"product-specs-list-container\">\n<ul class=\"product-specs-list util-clearfix\">\n<li class=\"product-prop line-limit-length\"><span class=\"property-title\">Material Type: <\/span><span class=\"property-desc line-limit-length\">Silikon<\/span><\/li>\n<li class=\"product-prop line-limit-length\"><span class=\"property-title\">St\u00f8rrelse: <\/span><span class=\"property-desc line-limit-length\">20mm\/22mm<\/span><\/li>\n<li class=\"product-prop line-limit-length\"><span class=\"property-title\">20mm Watch Strap For 2:\u00a0<\/span><span class=\"property-desc line-limit-length\">for Xiaomi Haylou Solar LS02<\/span><\/li>\n<li class=\"product-prop line-limit-length\"><span class=\"property-title\">20mm Watch Strap For 3:\u00a0<\/span><span class=\"property-desc line-limit-length\">for Samsung Galaxy Watch 3 41mm R850<\/span><\/li>\n<li class=\"product-prop line-limit-length\"><span class=\"property-title\">20mm Watch Strap For 4:\u00a0<\/span><span class=\"property-desc line-limit-length\">for Samsung Galaxy Watch Active 3<\/span><\/li>\n<li class=\"product-prop line-limit-length\"><span class=\"property-title\">20mm Watch Strap For 5:\u00a0<\/span><span class=\"property-desc line-limit-length\">for Samsung Galaxy Watch Active 2<\/span><\/li>\n<li class=\"product-prop line-limit-length\"><span class=\"property-title\">20mm Watch Strap For 6:\u00a0<\/span><span class=\"property-desc line-limit-length\">for Samsung Galaxy Watch Active<\/span><\/li>\n<li class=\"product-prop line-limit-length\"><span class=\"property-title\">20mm Watch Strap For 7:\u00a0<\/span><span class=\"property-desc line-limit-length\">for Samsung Galaxy Watch 42mm<\/span><\/li>\n<li class=\"product-prop line-limit-length\"><span class=\"property-title\">20mm Watch Strap For 8:\u00a0<\/span><span class=\"property-desc line-limit-length\">for Samsung Gear S2 Classic SM-R732\/R735<\/span><\/li>\n<li class=\"product-prop line-limit-length\"><span class=\"property-title\">20mm Watch Strap For 9:\u00a0<\/span><span class=\"property-desc line-limit-length\">for Samsung Gear Sport<\/span><\/li>\n<li class=\"product-prop line-limit-length\"><span class=\"property-title\">20mm Watch Strap For 10:\u00a0<\/span><span class=\"property-desc line-limit-length\">for Huami Amazfit BIP \/ Amazfit GTR 42mm \/ Amazfit GTS<\/span><\/li>\n<li class=\"product-prop line-limit-length\"><span class=\"property-title\">20mm Watch Strap For 11:\u00a0<\/span><span class=\"property-desc line-limit-length\">for Honor Magic Watch 2 42mm<\/span><\/li>\n<li class=\"product-prop line-limit-length\"><span class=\"property-title\">20mm Watch Strap For 12:\u00a0<\/span><span class=\"property-desc line-limit-length\">for Garmin Vivoactive 3\/Vivoactive 3 music\/Vivomove HR<\/span><\/li>\n<li class=\"product-prop line-limit-length\"><span class=\"property-title\">22mm Watch Strap For 1:\u00a0<\/span><span class=\"property-desc line-limit-length\">for Xiaomi Haylou Solar LS05<\/span><\/li>\n<li class=\"product-prop line-limit-length\"><span class=\"property-title\">22mm Watch Strap For 2:\u00a0<\/span><span class=\"property-desc line-limit-length\">for Xiaomi Watch Color<\/span><\/li>\n<li class=\"product-prop line-limit-length\"><span class=\"property-title\">22mm Watch Strap For 3:\u00a0<\/span><span class=\"property-desc line-limit-length\">for Samsung Galaxy Watch 3 45mm R840<\/span><\/li>\n<li class=\"product-prop line-limit-length\"><span class=\"property-title\">22mm Watch Strap For 4:\u00a0<\/span><span class=\"property-desc line-limit-length\">for Samsung Gear S3 Classic and Frontier<\/span><\/li>\n<li class=\"product-prop line-limit-length\"><span class=\"property-title\">22mm Watch Strap For 5:\u00a0<\/span><span class=\"property-desc line-limit-length\">for Honor Magic Watch 2 46mm<\/span><\/li>\n<li class=\"product-prop line-limit-length\"><span class=\"property-title\">22mm Watch Strap For 6:\u00a0<\/span><span class=\"property-desc line-limit-length\">for Huawei Watch GT 46mm\/42mm<\/span><\/li>\n<li class=\"product-prop line-limit-length\"><span class=\"property-title\">22mm Watch Strap For 7:\u00a0<\/span><span class=\"property-desc line-limit-length\">for Huawei Watch 2 Classic<\/span><\/li>\n<li class=\"product-prop line-limit-length\"><span class=\"property-title\">22mm Watch Strap For 8:\u00a0<\/span><span class=\"property-desc line-limit-length\">for Huami Amazfit Pace Stratos 2\/2S \/ Amazfit GTR 47mm<\/span><\/li>\n<li class=\"product-prop line-limit-length\"><span class=\"property-title\">22mm Watch Strap For 9:\u00a0<\/span><span class=\"property-desc line-limit-length\">for Cookoo Smart Watch<\/span><\/li>\n<li class=\"product-prop line-limit-length\"><span class=\"property-title\">22mm Watch Strap For 10:\u00a0<\/span><span class=\"property-desc line-limit-length\">for LG Watch, Urbane and R<\/span><\/li>\n<li class=\"product-prop line-limit-length\"><span class=\"property-title\">22mm Watch Strap For 11:\u00a0<\/span><span class=\"property-desc line-limit-length\">for Moto 360 2nd Gen 46mm<\/span><\/li>\n<li class=\"product-prop line-limit-length\"><span class=\"property-title\">22mm Watch Strap For 12:\u00a0<\/span><span class=\"property-desc line-limit-length\">for Pebble Time \/ Pebble Time Steel<\/span><\/li>\n<li><span class=\"property-title\">Oprinnelse: <\/span><span class=\"property-desc line-limit-length\">Kina<\/span><\/li>\n<\/ul>\n<\/div>\n<div class=\"detailmodule_html\">\n<div class=\"detail-desc-decorate-richtext\">\n<p>Trekk:<\/p>\n<p>Laget av silikon av h\u00f8y kvalitet, lett og fleksibel. Mote m\u00f8nster design for kvinner og menn<\/p>\n<p>Forskjellige farger du kan velge, pynte smartklokken og fremheve din unike smak.<\/p>\n<p>Svette- og vannavst\u00f8tende, forhindrer hud fra irritasjon. Myk, slitesterk, veldig behagelig \u00e5 ha p\u00e5 og milj\u00f8vennlig for den menneskelige huden, noe som gir behagelig opplevelse n\u00e5r du sport, sover og jobber.<\/p>\n<p>Det er et godt valg som en uts\u00f8kt og skinnende gave til enhver anledning som jul, h\u00f8sttakkefest, morsdag, farsdag og s\u00e5 videre<\/p>\n<p><span style=\"color: rgba(8,226,56,255); font-size: 16px; font-family: arial, helvetica, sans-serif;\"><strong>Compatible with:<br \/>\n<\/strong><\/span><\/p>\n<p><span style=\"font-size: 16px; font-family: arial, helvetica, sans-serif;\">20mm Watch Strap<br \/>\n<\/span><\/p>\n<p><span style=\"font-size: 16px; font-family: arial, helvetica, sans-serif;\">for Xiaomi Haylou Solar LS02<br \/>\n<\/span><\/p>\n<p><span style=\"font-size: 16px; font-family: arial, helvetica, sans-serif;\">for Samsung Galaxy Watch 3 41mm R850<br \/>\n<\/span><\/p>\n<p><span style=\"font-size: 16px; font-family: arial, helvetica, sans-serif;\">for Samsung Galaxy Watch Active 3<br \/>\n<\/span><\/p>\n<p><span style=\"font-size: 16px; font-family: arial, helvetica, sans-serif;\">for Samsung Galaxy Watch Active 2<br \/>\n<\/span><\/p>\n<p><span style=\"font-size: 16px; font-family: arial, helvetica, sans-serif;\">for Samsung Galaxy Watch Active<br \/>\n<\/span><\/p>\n<p><span style=\"font-size: 16px; font-family: arial, helvetica, sans-serif;\">for Samsung Galaxy Watch 42mm<br \/>\n<\/span><\/p>\n<p><span style=\"font-size: 16px; font-family: arial, helvetica, sans-serif;\">for Samsung Gear S2 Classic SM-R732\/R735<br \/>\n<\/span><\/p>\n<p><span style=\"font-size: 16px; font-family: arial, helvetica, sans-serif;\">for Samsung Gear Sport<br \/>\n<\/span><\/p>\n<p><span style=\"font-size: 16px; font-family: arial, helvetica, sans-serif;\">for Huami Amazfit BIP \/ Amazfit GTR 42mm \/ Amazfit GTS<br \/>\n<\/span><\/p>\n<p><span style=\"font-size: 16px; font-family: arial, helvetica, sans-serif;\">for Moto 360 2nd Gen Men&#8217;s 42mm<br \/>\n<\/span><\/p>\n<p><span style=\"font-size: 16px; font-family: arial, helvetica, sans-serif;\">for Fossil Q Gazer<br \/>\n<\/span><\/p>\n<p><span style=\"font-size: 16px; font-family: arial, helvetica, sans-serif;\">for Honor Magic Watch 2 42mm<br \/>\n<\/span><\/p>\n<p><span style=\"font-size: 16px; font-family: arial, helvetica, sans-serif;\">for Huawei Watch GT2 42mm<br \/>\n<\/span><\/p>\n<p><span style=\"font-size: 16px; font-family: arial, helvetica, sans-serif;\">for Huawei Watch 2 \/ watch 2 pro<br \/>\n<\/span><\/p>\n<p><span style=\"font-size: 16px; font-family: arial, helvetica, sans-serif;\">for Pebble Time Round Large<br \/>\n<\/span><\/p>\n<p><span style=\"font-size: 16px; font-family: arial, helvetica, sans-serif;\">for Withings Steel HR 40mm<br \/>\n<\/span><\/p>\n<p><span style=\"font-size: 16px; font-family: arial, helvetica, sans-serif;\">for Ticwatch 2 \/ Ticwatch E<br \/>\n<\/span><\/p>\n<p><span style=\"font-size: 16px; font-family: arial, helvetica, sans-serif;\">for Nokia Steel 40mm \/ Nokina Steel HR 40mm<br \/>\n<\/span><\/p>\n<p><span style=\"font-size: 16px; font-family: arial, helvetica, sans-serif;\">for Garmin Vivoactive 3 \/ Vivoactive 3 music \/ Vivomove HR \/ Forerunner 645\/ Forerunner 645 Music \/ Forerunner 245\/Forerunner 245 Music<br \/>\n<\/span><\/p>\n<p><span style=\"font-size: 16px; font-family: arial, helvetica, sans-serif;\">22mm Watch Strap<br \/>\n<\/span><\/p>\n<p><span style=\"font-size: 16px; font-family: arial, helvetica, sans-serif;\">for Xiaomi Haylou Solar LS05<br \/>\n<\/span><\/p>\n<p><span style=\"font-size: 16px; font-family: arial, helvetica, sans-serif;\">for Xiaomi Watch Color<br \/>\n<\/span><\/p>\n<p><span style=\"font-size: 16px; font-family: arial, helvetica, sans-serif;\">for Samsung Galaxy Watch 3 45mm R840<br \/>\n<\/span><\/p>\n<p><span style=\"font-size: 16px; font-family: arial, helvetica, sans-serif;\">for Samsung Galaxy Watch 46mm<br \/>\n<\/span><\/p>\n<p><span style=\"font-size: 16px; font-family: arial, helvetica, sans-serif;\">for Samsung Gear S3 Classic and Frontier<br \/>\n<\/span><\/p>\n<p><span style=\"font-size: 16px; font-family: arial, helvetica, sans-serif;\">for Samsung Gear 2 R380 \/ Gear 2 Neo 380<br \/>\n<\/span><\/p>\n<p><span style=\"font-size: 16px; font-family: arial, helvetica, sans-serif;\">for Samsung Gear Live R382<br \/>\n<\/span><\/p>\n<p><span style=\"font-size: 16px; font-family: arial, helvetica, sans-serif;\">for Honor Magic Watch 2 46mm<br \/>\n<\/span><\/p>\n<p><span style=\"font-size: 16px; font-family: arial, helvetica, sans-serif;\">for Huawei Watch GT 2 Pro<br \/>\n<\/span><\/p>\n<p><span style=\"font-size: 16px; font-family: arial, helvetica, sans-serif;\">for Huawei Watch GT 2E<br \/>\n<\/span><\/p>\n<p><span style=\"font-size: 16px; font-family: arial, helvetica, sans-serif;\">for Huawei Watch GT 2 46mm<br \/>\n<\/span><\/p>\n<p><span style=\"font-size: 16px; font-family: arial, helvetica, sans-serif;\">for Huawei Watch GT 46mm\/42mm<br \/>\n<\/span><\/p>\n<p><span style=\"font-size: 16px; font-family: arial, helvetica, sans-serif;\">for Huawei Magic<br \/>\n<\/span><\/p>\n<p><span style=\"font-size: 16px; font-family: arial, helvetica, sans-serif;\">for Huawei Watch 2 Classic<br \/>\n<\/span><\/p>\n<p><span style=\"font-size: 16px; font-family: arial, helvetica, sans-serif;\">for Moto 360 2nd Gen 46mm<br \/>\n<\/span><\/p>\n<p><span style=\"font-size: 16px; font-family: arial, helvetica, sans-serif;\">for LG Watch, Urbane and R<br \/>\n<\/span><\/p>\n<p><span style=\"font-size: 16px; font-family: arial, helvetica, sans-serif;\">for Asus Zenwatch 2 1.63&#8243;<br \/>\n<\/span><\/p>\n<p><span style=\"font-size: 16px; font-family: arial, helvetica, sans-serif;\">for Cookoo Smart Watch<br \/>\n<\/span><\/p>\n<p><span style=\"font-size: 16px; font-family: arial, helvetica, sans-serif;\">for Huami Amazfit Pace Stratos 2\/2S \/ Amazfit GTR 47mm<br \/>\n<\/span><\/p>\n<p><span style=\"font-size: 16px; font-family: arial, helvetica, sans-serif;\">for Fossil Q Founder 2.0 \/ Marshal \/ Wander \/ Crewmaster \/ Explorist \/ Commuter \/ Grant<br \/>\n<\/span><\/p>\n<p><span style=\"font-size: 16px; font-family: arial, helvetica, sans-serif;\">for Pebble Time \/ Pebble Time Steel \/ Pebble Time Classic \/ 2 \/ 2 SE<br \/>\n<\/span><\/p>\n<p><span style=\"font-size: 16px; font-family: arial, helvetica, sans-serif;\">Universal band fits for all traditional watches and smart watches with standard 20mm 22mm lug widths.<br \/>\n<\/span><\/p>\n<p><span style=\"color: rgba(241,27,10,255); font-size: 20px; font-family: arial, helvetica, sans-serif;\"><strong>Pakken inneholder:<br \/>\n<\/strong><\/span><\/p>\n<p><span style=\"font-size: 16px; font-family: arial, helvetica, sans-serif;\">1 x watch strap<\/span><u><span style=\"font-size: 16px; font-family: arial, helvetica, sans-serif;\">(smartklokke ikke inkludert)<\/span><\/u><\/p>\n<\/div>\n<\/div>\n<div class=\"detailmodule_html\">\n<div class=\"detail-desc-decorate-richtext\">\n<p><img decoding=\"async\" src=\"https:\/\/zol.no\/wp-content\/uploads\/2021\/03\/H1fdee00dc8654f18917d027687b8ba02w.jpg\" \/><img decoding=\"async\" src=\"https:\/\/zol.no\/wp-content\/uploads\/2021\/03\/Hfa0aa72ebe4741e4b8a6d29a2ed8ea6bO.jpg\" \/><img decoding=\"async\" src=\"https:\/\/zol.no\/wp-content\/uploads\/2021\/03\/H024963b5a7c242c1a3bb6383140a7d84n.jpg\" \/><\/p>\n<\/div>\n<\/div>\n<div class=\"detailmodule_dynamic\"><\/div>\n","protected":false},"excerpt":{"rendered":"<p>Material Type: Silikon St\u00f8rrelse: 20mm\/22mm 20mm Watch Strap For 2:\u00a0for Xiaomi Haylou Solar LS02 20mm Watch Strap For 3:\u00a0for Samsung Galaxy Watch 3 41mm R850 20mm Watch Strap For 4:\u00a0for Samsung Galaxy Watch Active 3 20mm Watch Strap For 5:\u00a0for Samsung Galaxy Watch Active 2 20mm Watch Strap For 6:\u00a0for Samsung Galaxy Watch Active 20mm [&hellip;]<\/p>\n","protected":false},"featured_media":812,"comment_status":"open","ping_status":"closed","template":"","meta":[],"product_brand":[],"product_cat":[89],"product_tag":[],"class_list":{"0":"post-847","1":"product","2":"type-product","3":"status-publish","4":"has-post-thumbnail","6":"product_cat-tilbehor-til-mobilen","8":"first","9":"instock","10":"taxable","11":"shipping-taxable","12":"purchasable","13":"product-type-variable"},"jetpack_sharing_enabled":true,"_links":{"self":[{"href":"https:\/\/zol.no\/index.php?rest_route=\/wp\/v2\/product\/847","targetHints":{"allow":["GET"]}}],"collection":[{"href":"https:\/\/zol.no\/index.php?rest_route=\/wp\/v2\/product"}],"about":[{"href":"https:\/\/zol.no\/index.php?rest_route=\/wp\/v2\/types\/product"}],"replies":[{"embeddable":true,"href":"https:\/\/zol.no\/index.php?rest_route=%2Fwp%2Fv2%2Fcomments&post=847"}],"wp:featuredmedia":[{"embeddable":true,"href":"https:\/\/zol.no\/index.php?rest_route=\/wp\/v2\/media\/812"}],"wp:attachment":[{"href":"https:\/\/zol.no\/index.php?rest_route=%2Fwp%2Fv2%2Fmedia&parent=847"}],"wp:term":[{"taxonomy":"product_brand","embeddable":true,"href":"https:\/\/zol.no\/index.php?rest_route=%2Fwp%2Fv2%2Fproduct_brand&post=847"},{"taxonomy":"product_cat","embeddable":true,"href":"https:\/\/zol.no\/index.php?rest_route=%2Fwp%2Fv2%2Fproduct_cat&post=847"},{"taxonomy":"product_tag","embeddable":true,"href":"https:\/\/zol.no\/index.php?rest_route=%2Fwp%2Fv2%2Fproduct_tag&post=847"}],"curies":[{"name":"wp","href":"https:\/\/api.w.org\/{rel}","templated":true}]}}