{"id":868,"date":"2021-03-10T22:10:55","date_gmt":"2021-03-10T21:10:55","guid":{"rendered":"https:\/\/zol.no\/produkt\/sosterur-av-din-apple-watch\/"},"modified":"2025-12-28T14:17:48","modified_gmt":"2025-12-28T13:17:48","slug":"sosterur-av-din-apple-watch","status":"publish","type":"product","link":"https:\/\/zol.no\/?product=sosterur-av-din-apple-watch","title":{"rendered":"S\u00f8sterur av din Apple Watch"},"content":{"rendered":"<div class=\"product-specs-list-container\">\n<ul class=\"product-specs-list util-clearfix\">\n<li class=\"product-prop line-limit-length\"><span class=\"property-title\">Material: <\/span><span class=\"property-desc line-limit-length\">Silicone<\/span><\/li>\n<li>Opprinnelse: Kina<\/li>\n<li class=\"product-prop line-limit-length\"><span class=\"property-title\">Model: Passer til alle Apple watch<\/span><\/li>\n<li class=\"product-prop line-limit-length\"><span class=\"property-title\">Festen\u00e5l av metall<\/span><\/li>\n<\/ul>\n<\/div>\n<div class=\"detailmodule_dynamic\"><\/div>\n<div class=\"detailmodule_html\">\n<div class=\"detail-desc-decorate-richtext\">\n<p style=\"text-align: center;\"><span style=\"font-size: 22px;\"><span style=\"font-family: 'comic sans ms', cursive;\"><strong>S\u00f8sterur av din Apple Watch Series 5\/4\/3\/2\/1 Sykepleierur av din smartklokke 38mm 42mm 40mm 44mm<\/strong><\/span><\/span><\/p>\n<p>Egenskaper:<\/p>\n<p>Designet for Apple Watch Series 6\/5\/4\/3\/2\/1\u00a0 \u00a038mm 42mm 40mm 44mm Apple Watch SE 40mm 44mm alle modeller.<br \/>\nLaget av silikon av h\u00f8y kvalitet, lett og fleksibel. Mote m\u00f8nster design for kvinner og menn<br \/>\nForskjellige farger og fire st\u00f8rrelser du kan velge, kle p\u00e5 smartwacth og fremheve din unike smak.<br \/>\nSvette- og vannavst\u00f8tende, forhindrer hud fra irritasjon. Myk, slitesterk, veldig behagelig \u00e5 ha p\u00e5 og milj\u00f8vennlig for den menneskelige huden, noe som gir behagelig opplevelse n\u00e5r du sport, sover og jobber.<br \/>\nDet er et godt valg som en uts\u00f8kt og skinnende gave til enhver anledning som jul, h\u00f8sttakkefest, morsdag, farsdag og s\u00e5 videre<br \/>\nPakke inkludert:<\/p>\n<p>1 x klokkerem (kun b\u00e5nd, ikke inkludert smartklokke)<\/p>\n<p><span style=\"font-family: 'times new roman', times, serif; font-size: 18px; color: #000000;\"><img decoding=\"async\" src=\"https:\/\/zol.no\/wp-content\/uploads\/2021\/03\/Hfa1ae70f9ed446ef9541847247681bd5V.jpg\" alt=\"02\" \/><img decoding=\"async\" src=\"https:\/\/zol.no\/wp-content\/uploads\/2021\/03\/H4aeb15e197e04dc992191ff037ddab5aC.jpg\" alt=\"01\" \/><img decoding=\"async\" src=\"https:\/\/ae01.alicdn.com\/kf\/H57977e940ff14587867212004908eb4c1.jpg\" alt=\"04\" \/><img decoding=\"async\" src=\"https:\/\/ae01.alicdn.com\/kf\/H80152422447b4d049af64f02218a0b021.jpg\" alt=\"05\" \/><\/span><\/p>\n<\/div>\n<\/div>\n","protected":false},"excerpt":{"rendered":"<p>Material: Silicone Opprinnelse: Kina Model: Passer til alle Apple watch Festen\u00e5l av metall S\u00f8sterur av din Apple Watch Series 5\/4\/3\/2\/1 Sykepleierur av din smartklokke 38mm 42mm 40mm 44mm Egenskaper: Designet for Apple Watch Series 6\/5\/4\/3\/2\/1\u00a0 \u00a038mm 42mm 40mm 44mm Apple Watch SE 40mm 44mm alle modeller. Laget av silikon av h\u00f8y kvalitet, lett og fleksibel. [&hellip;]<\/p>\n","protected":false},"featured_media":869,"comment_status":"open","ping_status":"closed","template":"","meta":[],"product_brand":[],"product_cat":[487],"product_tag":[],"class_list":{"0":"post-868","1":"product","2":"type-product","3":"status-publish","4":"has-post-thumbnail","6":"product_cat-beredskap","8":"first","9":"instock","10":"taxable","11":"shipping-taxable","12":"purchasable","13":"product-type-variable"},"jetpack_sharing_enabled":true,"_links":{"self":[{"href":"https:\/\/zol.no\/index.php?rest_route=\/wp\/v2\/product\/868","targetHints":{"allow":["GET"]}}],"collection":[{"href":"https:\/\/zol.no\/index.php?rest_route=\/wp\/v2\/product"}],"about":[{"href":"https:\/\/zol.no\/index.php?rest_route=\/wp\/v2\/types\/product"}],"replies":[{"embeddable":true,"href":"https:\/\/zol.no\/index.php?rest_route=%2Fwp%2Fv2%2Fcomments&post=868"}],"wp:featuredmedia":[{"embeddable":true,"href":"https:\/\/zol.no\/index.php?rest_route=\/wp\/v2\/media\/869"}],"wp:attachment":[{"href":"https:\/\/zol.no\/index.php?rest_route=%2Fwp%2Fv2%2Fmedia&parent=868"}],"wp:term":[{"taxonomy":"product_brand","embeddable":true,"href":"https:\/\/zol.no\/index.php?rest_route=%2Fwp%2Fv2%2Fproduct_brand&post=868"},{"taxonomy":"product_cat","embeddable":true,"href":"https:\/\/zol.no\/index.php?rest_route=%2Fwp%2Fv2%2Fproduct_cat&post=868"},{"taxonomy":"product_tag","embeddable":true,"href":"https:\/\/zol.no\/index.php?rest_route=%2Fwp%2Fv2%2Fproduct_tag&post=868"}],"curies":[{"name":"wp","href":"https:\/\/api.w.org\/{rel}","templated":true}]}}