{"id":960,"date":"2021-07-19T08:41:38","date_gmt":"2021-07-19T07:41:38","guid":{"rendered":"https:\/\/zol.no\/produkt\/champagnepistol\/"},"modified":"2025-04-14T06:05:08","modified_gmt":"2025-04-14T05:05:08","slug":"champagnepistol","status":"publish","type":"product","link":"https:\/\/zol.no\/?product=champagnepistol","title":{"rendered":"Champagnepistol"},"content":{"rendered":"<div class=\"product-specs-list-container\"><\/div>\n<div class=\"detailmodule_text\">\n<p>Modell: Champagnepistol<br \/>\nType: Barutstyr \/ festutstyr<br \/>\n1: champagne pistol skyte spr\u00f8yte premium underholdning champagne vann pistol skyte champagne flaske spr\u00f8ytepistol spreng champagne flaske sprute pistol<br \/>\n2: champagne ejektor pistol Champagne pourer drikke pistol alkohol pistol vin stopper skutt vin fontene kj\u00f8kken tilbeh\u00f8r vin tilbeh\u00f8r barredskaper<br \/>\n3: Bar Club Party Bachelor Party Bursdagsfest Sv\u00f8mmebasseng Party Beach Bikini Party Graduation Party Wedding Music Festival Carnival<br \/>\n4: flaskepropp vinlufter vin oksygenator champagne b\u00f8tte champagneglass champagnepropper champagne topper vin kork champagne kork<\/p>\n<p><strong>Beste partyeffekt \uff1a<\/strong><\/p>\n<p>V\u00e5re champagnepistoler er de beste atmosf\u00e6re rekvisitter, veldig godt egnet for alle slags temafester, som:<br \/>\nBar Party Night, Bachelor Party<br \/>\nBursdagsfest, poolparty<br \/>\nAvgangsfest, musikk karneval<br \/>\nStrandfest, Bryllupsfest<br \/>\nYacht Rave Party, Adult Pyjamas Party<\/p>\n<p>Funksjoner:<\/p>\n<p>Liten st\u00f8rrelse, lett vekt, lett \u00e5 b\u00e6re, kan justeres fritt for \u00e5 passe til forskjellige champagneflaskemunner.<\/p>\n<\/div>\n<div class=\"detailmodule_text\">\n<p class=\"detail-desc-decorate-title\" style=\"font-family: OpenSans; font-size: 20px; font-weight: 900; line-height: 28px; white-space: pre-wrap; color: #000000; margin-bottom: 12px;\">Slik fungerer den:<\/p>\n<p class=\"detail-desc-decorate-content\" style=\"font-family: OpenSans; font-size: 14px; font-weight: 300; line-height: 20px; white-space: pre-wrap; color: #000000; margin-bottom: 12px;\">Det sprayes av trykk, s\u00e5 jo flere bobler, jo lengre er sprayavstanden. Det anbefales \u00e5 riste champagnen f\u00f8r bruk. I tillegg er effekten av champagne bedre enn \u00f8l. Hvis du vil spille moro, anbefales det \u00e5 kj\u00f8pe mer, ellers vil vennene dine ta deg. Haha ~<\/p>\n<\/div>\n<div class=\"detailmodule_image\"><img decoding=\"async\" class=\"detail-desc-decorate-image\" style=\"margin-bottom: 10px;\" src=\"https:\/\/zol.no\/wp-content\/uploads\/2021\/07\/H0c371bd520f94676b31b94ba2bcbeee0x.jpg\" \/><img decoding=\"async\" class=\"detail-desc-decorate-image\" style=\"margin-bottom: 10px;\" src=\"https:\/\/zol.no\/wp-content\/uploads\/2021\/07\/Hb2fdc9897778438880a20ece83649f81u.jpg\" \/><img decoding=\"async\" class=\"detail-desc-decorate-image\" style=\"margin-bottom: 10px;\" src=\"https:\/\/zol.no\/wp-content\/uploads\/2021\/07\/Hf6197bbe1a4e482a83317767800e3a407.jpg\" \/><img decoding=\"async\" class=\"detail-desc-decorate-image\" style=\"margin-bottom: 10px;\" src=\"https:\/\/zol.no\/wp-content\/uploads\/2021\/07\/Hd4716a29b64e48f193bdcbabf518abd6z.jpg\" \/><img decoding=\"async\" class=\"detail-desc-decorate-image\" style=\"margin-bottom: 10px;\" src=\"https:\/\/zol.no\/wp-content\/uploads\/2021\/07\/H18aebef2d0134af496ae2f1d97b3d844W.jpg\" \/><img decoding=\"async\" class=\"detail-desc-decorate-image\" style=\"margin-bottom: 10px;\" src=\"https:\/\/zol.no\/wp-content\/uploads\/2021\/07\/H2368a62ccfd844b4bedb4c28b57e33f5M.jpg\" \/><img decoding=\"async\" class=\"detail-desc-decorate-image\" style=\"margin-bottom: 10px;\" src=\"https:\/\/zol.no\/wp-content\/uploads\/2021\/07\/H7f9b4137fe184d3da0108d3ada3fe489T.jpg\" \/><img decoding=\"async\" class=\"detail-desc-decorate-image\" style=\"margin-bottom: 10px;\" src=\"https:\/\/zol.no\/wp-content\/uploads\/2021\/07\/Hc49f58c8827749e1a3f1f1a74c3b9d65L.jpg\" \/><img decoding=\"async\" class=\"detail-desc-decorate-image\" style=\"margin-bottom: 10px;\" src=\"https:\/\/zol.no\/wp-content\/uploads\/2021\/07\/H4f8209960f6643fea54a6480293144e9o.jpg\" \/><\/div>\n<div class=\"detailmodule_text\"><\/div>\n<div class=\"detailmodule_image\"><\/div>\n","protected":false},"excerpt":{"rendered":"<p>Modell: Champagnepistol Type: Barutstyr \/ festutstyr 1: champagne pistol skyte spr\u00f8yte premium underholdning champagne vann pistol skyte champagne flaske spr\u00f8ytepistol spreng champagne flaske sprute pistol 2: champagne ejektor pistol Champagne pourer drikke pistol alkohol pistol vin stopper skutt vin fontene kj\u00f8kken tilbeh\u00f8r vin tilbeh\u00f8r barredskaper 3: Bar Club Party Bachelor Party Bursdagsfest Sv\u00f8mmebasseng Party Beach [&hellip;]<\/p>\n","protected":false},"featured_media":961,"comment_status":"open","ping_status":"closed","template":"","meta":[],"product_brand":[],"product_cat":[160],"product_tag":[161,166,162,165,163,164],"class_list":{"0":"post-960","1":"product","2":"type-product","3":"status-publish","4":"has-post-thumbnail","6":"product_cat-party","7":"product_tag-champagne","8":"product_tag-flaskepistol","9":"product_tag-gun","10":"product_tag-olpistol","11":"product_tag-pistol","12":"product_tag-vinpistol","14":"first","15":"instock","16":"taxable","17":"shipping-taxable","18":"purchasable","19":"product-type-variable"},"jetpack_sharing_enabled":true,"_links":{"self":[{"href":"https:\/\/zol.no\/index.php?rest_route=\/wp\/v2\/product\/960","targetHints":{"allow":["GET"]}}],"collection":[{"href":"https:\/\/zol.no\/index.php?rest_route=\/wp\/v2\/product"}],"about":[{"href":"https:\/\/zol.no\/index.php?rest_route=\/wp\/v2\/types\/product"}],"replies":[{"embeddable":true,"href":"https:\/\/zol.no\/index.php?rest_route=%2Fwp%2Fv2%2Fcomments&post=960"}],"wp:featuredmedia":[{"embeddable":true,"href":"https:\/\/zol.no\/index.php?rest_route=\/wp\/v2\/media\/961"}],"wp:attachment":[{"href":"https:\/\/zol.no\/index.php?rest_route=%2Fwp%2Fv2%2Fmedia&parent=960"}],"wp:term":[{"taxonomy":"product_brand","embeddable":true,"href":"https:\/\/zol.no\/index.php?rest_route=%2Fwp%2Fv2%2Fproduct_brand&post=960"},{"taxonomy":"product_cat","embeddable":true,"href":"https:\/\/zol.no\/index.php?rest_route=%2Fwp%2Fv2%2Fproduct_cat&post=960"},{"taxonomy":"product_tag","embeddable":true,"href":"https:\/\/zol.no\/index.php?rest_route=%2Fwp%2Fv2%2Fproduct_tag&post=960"}],"curies":[{"name":"wp","href":"https:\/\/api.w.org\/{rel}","templated":true}]}}